{"id":55,"date":"2021-09-08T09:44:32","date_gmt":"2021-09-08T09:44:32","guid":{"rendered":"http:\/\/gimnazija.skolabd.edu.ba\/?page_id=55"},"modified":"2024-12-03T10:54:17","modified_gmt":"2024-12-03T09:54:17","slug":"vijece-roditelja","status":"publish","type":"page","link":"https:\/\/gimnazija.skolabd.edu.ba\/index.php\/vijece-roditelja\/","title":{"rendered":"Vije\u0107e roditelja"},"content":{"rendered":"\n<p>Vije\u0107e roditelja \u010dine predstavnici roditelja u\u010denika \u0161kole. Roditelji u\u010denika na roditeljskom sastanku razrednog odjeljenja iz svojih redova biraju jednog predstavnika u Vije\u0107e roditelja \u0160kole. \u010clanovi Vije\u0107a roditelja izme\u0111u sebe biraju predsjednika i zamjenika predsjednika Vije\u0107a roditelja.<\/p>\n\n\n\n<p>Vije\u0107e roditelja ima slede\u0107e ciljeve:<br>a) promovi\u0161e interese \u0161kole;<br>b) predstavlja stavove roditelja \u0161kolskom odboru;<br>c) podsti\u010de anga\u017eman roditelja u radu \u0161kole;<br>d) informi\u0161e \u0161kolski odbor o svojim stavovima, kada ocijeni da je to potrebno, ili po zahtjevu \u0161kolskog odbora, o svakom pitanju koje se odnosi na rad i upravljanje \u0161kolom;<br>e) u\u010destvuje u izradi i realizaciji odgovaraju\u0107ih projekata kojima se podsti\u010de i unapre\u0111uje obrazovni rad u \u0161koli;<br>f) kandiduje i bira predstavnika roditelja u \u0161kolski odbor.<\/p>\n\n\n\n<p><\/p>\n\n\n\n<div class=\"wp-block-file\"><a href=\"https:\/\/gimnazija.skolabd.edu.ba\/wp-content\/uploads\/2022\/01\/\u041fO\u0421\u041bO\u0412\u041d\u0418\u041a-O-\u0420A\u0414\u0423-\u0412\u0418\u0408\u0415\u040b\u0410-\u0420\u041e\u0414\u0418\u0422\u0415\u0409\u0410-.doc\">\u041fO\u0421\u041bO\u0412\u041d\u0418\u041a O \u0420A\u0414\u0423 \u0412\u0418\u0408\u0415\u040b\u0410 \u0420\u041e\u0414\u0418\u0422\u0415\u0409\u0410<\/a><a href=\"https:\/\/gimnazija.skolabd.edu.ba\/wp-content\/uploads\/2022\/01\/\u041fO\u0421\u041bO\u0412\u041d\u0418\u041a-O-\u0420A\u0414\u0423-\u0412\u0418\u0408\u0415\u040b\u0410-\u0420\u041e\u0414\u0418\u0422\u0415\u0409\u0410-.doc\" class=\"wp-block-file__button wp-element-button\" download>Preuzmi<\/a><\/div>\n\n\n\n<div class=\"wp-block-file\"><a href=\"https:\/\/gimnazija.skolabd.edu.ba\/wp-content\/uploads\/2022\/01\/POSLOVNIK-O-RADU-VIJECA-RODITELJA.doc\">POSLOVNIK O RADU VIJE\u0106A RODITELJA<\/a><a href=\"https:\/\/gimnazija.skolabd.edu.ba\/wp-content\/uploads\/2022\/01\/POSLOVNIK-O-RADU-VIJECA-RODITELJA.doc\" class=\"wp-block-file__button wp-element-button\" download>Preuzmi<\/a><\/div>\n\n\n\n<div class=\"wp-block-file\"><a href=\"https:\/\/gimnazija.skolabd.edu.ba\/wp-content\/uploads\/2022\/01\/PROGRAM-RADA-VIJECA-RODITELJA-2021-2022.doc\">PROGRAM RADA VIJE\u0106A RODITELJA 2021-2022<\/a><a href=\"https:\/\/gimnazija.skolabd.edu.ba\/wp-content\/uploads\/2022\/01\/PROGRAM-RADA-VIJECA-RODITELJA-2021-2022.doc\" class=\"wp-block-file__button wp-element-button\" download>Preuzmi<\/a><\/div>\n\n\n\n<p><\/p>\n\n\n\n<div data-wp-interactive=\"core\/file\" class=\"wp-block-file\"><object data-wp-bind--hidden=\"!state.hasPdfPreview\" hidden class=\"wp-block-file__embed\" data=\"https:\/\/gimnazija.skolabd.edu.ba\/wp-content\/uploads\/2024\/12\/Vijece-roditelja-24-25.pdf\" type=\"application\/pdf\" style=\"width:100%;height:455px\" aria-label=\"Ugra\u0111ivanje \u010cLANOVI VIJE\u0106A ZA \u0160KOLSKU 2024-2025.\"><\/object><a id=\"wp-block-file--media-02882e67-b293-45d0-bb3d-466030cab823\" href=\"https:\/\/gimnazija.skolabd.edu.ba\/wp-content\/uploads\/2024\/12\/Vijece-roditelja-24-25.pdf\">\u010cLANOVI VIJE\u0106A ZA \u0160KOLSKU 2024-2025<\/a><a href=\"https:\/\/gimnazija.skolabd.edu.ba\/wp-content\/uploads\/2024\/12\/Vijece-roditelja-24-25.pdf\" class=\"wp-block-file__button wp-element-button\" download aria-describedby=\"wp-block-file--media-02882e67-b293-45d0-bb3d-466030cab823\">Preuzmi<\/a><\/div>\n","protected":false},"excerpt":{"rendered":"<p>Vije\u0107e roditelja \u010dine predstavnici roditelja u\u010denika \u0161kole. Roditelji u\u010denika na roditeljskom sastanku razrednog odjeljenja iz svojih redova biraju jednog predstavnika u Vije\u0107e roditelja \u0160kole. \u010clanovi Vije\u0107a roditelja izme\u0111u sebe biraju predsjednika i zamjenika predsjednika Vije\u0107a roditelja. Vije\u0107e roditelja ima slede\u0107e ciljeve:a) promovi\u0161e interese \u0161kole;b) predstavlja stavove roditelja \u0161kolskom odboru;c) podsti\u010de anga\u017eman roditelja u radu \u0161kole;d) [&hellip;]<\/p>\n","protected":false},"author":1,"featured_media":0,"parent":0,"menu_order":0,"comment_status":"closed","ping_status":"closed","template":"","meta":{"_regular_price":[],"currency_symbol":[],"footnotes":""},"class_list":["post-55","page","type-page","status-publish","hentry"],"post_slider_layout_featured_media_urls":{"thumbnail":"","post_slider_layout_landscape_large":"","post_slider_layout_portrait_large":"","post_slider_layout_square_large":"","post_slider_layout_landscape":"","post_slider_layout_portrait":"","post_slider_layout_square":"","full":""},"_links":{"self":[{"href":"https:\/\/gimnazija.skolabd.edu.ba\/index.php\/wp-json\/wp\/v2\/pages\/55","targetHints":{"allow":["GET"]}}],"collection":[{"href":"https:\/\/gimnazija.skolabd.edu.ba\/index.php\/wp-json\/wp\/v2\/pages"}],"about":[{"href":"https:\/\/gimnazija.skolabd.edu.ba\/index.php\/wp-json\/wp\/v2\/types\/page"}],"author":[{"embeddable":true,"href":"https:\/\/gimnazija.skolabd.edu.ba\/index.php\/wp-json\/wp\/v2\/users\/1"}],"replies":[{"embeddable":true,"href":"https:\/\/gimnazija.skolabd.edu.ba\/index.php\/wp-json\/wp\/v2\/comments?post=55"}],"version-history":[{"count":6,"href":"https:\/\/gimnazija.skolabd.edu.ba\/index.php\/wp-json\/wp\/v2\/pages\/55\/revisions"}],"predecessor-version":[{"id":2430,"href":"https:\/\/gimnazija.skolabd.edu.ba\/index.php\/wp-json\/wp\/v2\/pages\/55\/revisions\/2430"}],"wp:attachment":[{"href":"https:\/\/gimnazija.skolabd.edu.ba\/index.php\/wp-json\/wp\/v2\/media?parent=55"}],"curies":[{"name":"wp","href":"https:\/\/api.w.org\/{rel}","templated":true}]}}