{"id":53,"date":"2021-09-08T09:43:06","date_gmt":"2021-09-08T09:43:06","guid":{"rendered":"http:\/\/gimnazija.skolabd.edu.ba\/?page_id=53"},"modified":"2024-12-03T10:51:12","modified_gmt":"2024-12-03T09:51:12","slug":"vijece-ucenika","status":"publish","type":"page","link":"https:\/\/gimnazija.skolabd.edu.ba\/index.php\/vijece-ucenika\/","title":{"rendered":"Vije\u0107e u\u010denika"},"content":{"rendered":"\n<p>Vije\u0107e u\u010denika \u010dini tijelo koje predstavlja sve u\u010denike \u0161kole. Bira se za teku\u0107u \u0161kolsku godinu, a sa\u010dinjava ga po jedan u\u010denik\/u\u010denica iz svakog pojedina\u010dnog razreda.&nbsp;<\/p>\n\n\n\n<p>Vije\u0107e u\u010denika ima slede\u0107e ciljeve<strong>:<\/strong><br>a) promovi\u0161e interese \u0161kole;<br>b) predstavlja stavove u\u010denika \u0161kolskom odboru;<br>c) podsti\u010de anga\u017eman u\u010denika u realizaciji postavljenih zadataka;<br>d) informi\u0161e \u0161kolski odbor o svakom pitanju koje se odnosi na rad i upravljanje \u0161kolom.<\/p>\n\n\n\n<p>U\u010deni\u010dko vije\u0107e djeluje na humanitarno-duhovnom, obrazovnom, zabavnom, informativnom i tehni\u010dkom podru\u010dju rada na\u0161e \u0161kole.<\/p>\n\n\n\n<p><strong>\u010cLANOVI VIJE\u0106A U\u010cENIKA ZA \u0160KOLSKU 2024\/2025. GODINU:<\/strong><\/p>\n\n\n\n<div data-wp-interactive=\"core\/file\" class=\"wp-block-file\"><object data-wp-bind--hidden=\"!state.hasPdfPreview\" hidden class=\"wp-block-file__embed\" data=\"https:\/\/gimnazija.skolabd.edu.ba\/wp-content\/uploads\/2024\/12\/Vijece-ucenika-24-25.pdf\" type=\"application\/pdf\" style=\"width:100%;height:600px\" aria-label=\"Ugra\u0111ivanje Vije\u0107e u\u010denika 24-25.\"><\/object><a id=\"wp-block-file--media-c70bc96e-26de-432d-8cb2-30e7b13f3082\" href=\"https:\/\/gimnazija.skolabd.edu.ba\/wp-content\/uploads\/2024\/12\/Vijece-ucenika-24-25.pdf\">Vije\u0107e u\u010denika 24-25<\/a><a href=\"https:\/\/gimnazija.skolabd.edu.ba\/wp-content\/uploads\/2024\/12\/Vijece-ucenika-24-25.pdf\" class=\"wp-block-file__button wp-element-button\" download aria-describedby=\"wp-block-file--media-c70bc96e-26de-432d-8cb2-30e7b13f3082\">Preuzmi<\/a><\/div>\n\n\n\n<p><\/p>\n\n\n\n<hr class=\"wp-block-separator has-alpha-channel-opacity is-style-wide\"\/>\n\n\n\n<p><strong>AKTIVNOSTI: <\/strong><\/p>\n\n\n\n<p><a href=\"https:\/\/gimnazija.skolabd.edu.ba\/index.php\/2023\/11\/20\/obiljezen-dan-srednjoskolaca\/\">Vije\u0107e u\u010denika obilje\u017eilo Dan srednjo\u0161kolaca <\/a><\/p>\n\n\n\n<p><a href=\"https:\/\/gimnazija.skolabd.edu.ba\/index.php\/2023\/12\/04\/vijece-ucenika-obiljezilo-svjetski-dan-borbe-protiv-side\/\">Vije\u0107e u\u010denika obilje\u017eilo Svjetski dan borbe protiv side <\/a><\/p>\n\n\n\n<p><a href=\"https:\/\/gimnazija.skolabd.edu.ba\/index.php\/2023\/12\/21\/odrzan-novogodisnji-bazar-u-organzaciji-vijeca-ucenika\/\">Odr\u017ean Novogodi\u0161nji bazar u organzaciji Vije\u0107a u\u010denika <\/a><\/p>\n\n\n\n<p><a href=\"https:\/\/gimnazija.skolabd.edu.ba\/index.php\/2023\/12\/23\/jedan-slatkis-jedan-osmijeh\/\">Jedan slatki\u0161, jedan osmijeh! <\/a><\/p>\n\n\n\n<p><a href=\"https:\/\/gimnazija.skolabd.edu.ba\/index.php\/2021\/12\/22\/mali-bazar-vijece-ucenika\/\">Mali bazar \u2013 Vije\u0107e u\u010denika <\/a><\/p>\n\n\n\n<p><a href=\"https:\/\/gimnazija.skolabd.edu.ba\/index.php\/2024\/01\/15\/vijece-ucenika-i-cari-zime\/\">Vije\u0107e u\u010denika i \u201c\u010cari zime\u201d<\/a><\/p>\n\n\n\n<p><a href=\"https:\/\/gimnazija.skolabd.edu.ba\/index.php\/2024\/02\/15\/valentinovo-dan-zaljubljenih-u-nasoj-skoli\/\">Valentinovo\/Dan zaljubljenih u na\u0161oj \u0161koli<\/a><\/p>\n\n\n\n<p><a href=\"https:\/\/gimnazija.skolabd.edu.ba\/index.php\/2023\/11\/27\/odrzana-radionica-ziva-biblioteka\/\">Odr\u017eana radionica \u201c\u017diva biblioteka\u201d <\/a><\/p>\n\n\n\n<p><a href=\"https:\/\/www.facebook.com\/watch\/?v=3357274711230899\">https:\/\/www.facebook.com\/watch\/?v=3357274711230899<\/a><\/p>\n\n\n\n<p><a href=\"https:\/\/gimnazija.skolabd.edu.ba\/index.php\/2023\/05\/30\/okrugli-sto-savjeta-ucenika\/\">\u041e\u043a\u0440\u0443\u0433\u043b\u0438 \u0441\u0442\u043e \u0421\u0430\u0432\u0458\u0435\u0442\u0430 \u0443\u0447\u0435\u043d\u0438\u043a\u0430&nbsp;<\/a><\/p>\n\n\n\n<p><a href=\"https:\/\/gimnazija.skolabd.edu.ba\/index.php\/2022\/04\/21\/kviz-6-na-6\/\">Kviz \u201c6 na 6\u201d<\/a><\/p>\n\n\n\n<p><a href=\"https:\/\/gimnazija.skolabd.edu.ba\/index.php\/2023\/02\/22\/dan-borbe-protiv-vrsnjackog-nasilja\/\">\u0414a\u043d \u0431o\u0440\u0431e \u043f\u0440o\u0442\u0438\u0432 \u0432\u0440\u0448\u045aa\u0447\u043ao\u0433 \u043da\u0441\u0438\u0459a<\/a><\/p>\n\n\n\n<p><a href=\"https:\/\/gimnazija.skolabd.edu.ba\/index.php\/2022\/04\/19\/youtube-kanal-nase-skole\/\">Youtube kanal na\u0161e \u0161kole! <\/a><\/p>\n\n\n\n<p>Film &#8220;Bje\u017eanija&#8221;<\/p>\n\n\n\n<figure class=\"wp-block-video\"><video height=\"1080\" style=\"aspect-ratio: 1920 \/ 1080;\" width=\"1920\" autoplay controls loop src=\"https:\/\/gimnazija.skolabd.edu.ba\/wp-content\/uploads\/2024\/10\/Film-bjezanija-.mp4\"><\/video><\/figure>\n","protected":false},"excerpt":{"rendered":"<p>Vije\u0107e u\u010denika \u010dini tijelo koje predstavlja sve u\u010denike \u0161kole. Bira se za teku\u0107u \u0161kolsku godinu, a sa\u010dinjava ga po jedan u\u010denik\/u\u010denica iz svakog pojedina\u010dnog razreda.&nbsp; Vije\u0107e u\u010denika ima slede\u0107e ciljeve:a) promovi\u0161e interese \u0161kole;b) predstavlja stavove u\u010denika \u0161kolskom odboru;c) podsti\u010de anga\u017eman u\u010denika u realizaciji postavljenih zadataka;d) informi\u0161e \u0161kolski odbor o svakom pitanju koje se odnosi na [&hellip;]<\/p>\n","protected":false},"author":1,"featured_media":0,"parent":0,"menu_order":0,"comment_status":"closed","ping_status":"closed","template":"","meta":{"_regular_price":[],"currency_symbol":[],"footnotes":""},"class_list":["post-53","page","type-page","status-publish","hentry"],"post_slider_layout_featured_media_urls":{"thumbnail":"","post_slider_layout_landscape_large":"","post_slider_layout_portrait_large":"","post_slider_layout_square_large":"","post_slider_layout_landscape":"","post_slider_layout_portrait":"","post_slider_layout_square":"","full":""},"_links":{"self":[{"href":"https:\/\/gimnazija.skolabd.edu.ba\/index.php\/wp-json\/wp\/v2\/pages\/53","targetHints":{"allow":["GET"]}}],"collection":[{"href":"https:\/\/gimnazija.skolabd.edu.ba\/index.php\/wp-json\/wp\/v2\/pages"}],"about":[{"href":"https:\/\/gimnazija.skolabd.edu.ba\/index.php\/wp-json\/wp\/v2\/types\/page"}],"author":[{"embeddable":true,"href":"https:\/\/gimnazija.skolabd.edu.ba\/index.php\/wp-json\/wp\/v2\/users\/1"}],"replies":[{"embeddable":true,"href":"https:\/\/gimnazija.skolabd.edu.ba\/index.php\/wp-json\/wp\/v2\/comments?post=53"}],"version-history":[{"count":15,"href":"https:\/\/gimnazija.skolabd.edu.ba\/index.php\/wp-json\/wp\/v2\/pages\/53\/revisions"}],"predecessor-version":[{"id":2426,"href":"https:\/\/gimnazija.skolabd.edu.ba\/index.php\/wp-json\/wp\/v2\/pages\/53\/revisions\/2426"}],"wp:attachment":[{"href":"https:\/\/gimnazija.skolabd.edu.ba\/index.php\/wp-json\/wp\/v2\/media?parent=53"}],"curies":[{"name":"wp","href":"https:\/\/api.w.org\/{rel}","templated":true}]}}