{"id":50,"date":"2021-09-08T08:01:00","date_gmt":"2021-09-08T08:01:00","guid":{"rendered":"http:\/\/gimnazija.skolabd.edu.ba\/?page_id=50"},"modified":"2025-09-11T21:46:41","modified_gmt":"2025-09-11T19:46:41","slug":"kontakt","status":"publish","type":"page","link":"https:\/\/gimnazija.skolabd.edu.ba\/index.php\/kontakt\/","title":{"rendered":"KONTAKT"},"content":{"rendered":"\n<ul class=\"wp-block-social-links is-layout-flex wp-block-social-links-is-layout-flex\"><li class=\"wp-social-link wp-social-link-facebook  wp-block-social-link\"><a href=\"https:\/\/www.facebook.com\/vasopelagicbrcko\/\" class=\"wp-block-social-link-anchor\"><svg width=\"24\" height=\"24\" viewBox=\"0 0 24 24\" version=\"1.1\" xmlns=\"http:\/\/www.w3.org\/2000\/svg\" aria-hidden=\"true\" focusable=\"false\"><path d=\"M12 2C6.5 2 2 6.5 2 12c0 5 3.7 9.1 8.4 9.9v-7H7.9V12h2.5V9.8c0-2.5 1.5-3.9 3.8-3.9 1.1 0 2.2.2 2.2.2v2.5h-1.3c-1.2 0-1.6.8-1.6 1.6V12h2.8l-.4 2.9h-2.3v7C18.3 21.1 22 17 22 12c0-5.5-4.5-10-10-10z\"><\/path><\/svg><span class=\"wp-block-social-link-label screen-reader-text\">Facebook<\/span><\/a><\/li>\n\n<li class=\"wp-social-link wp-social-link-instagram  wp-block-social-link\"><a href=\"https:\/\/www.instagram.com\/gimnazija_brcko\/\" class=\"wp-block-social-link-anchor\"><svg width=\"24\" height=\"24\" viewBox=\"0 0 24 24\" version=\"1.1\" xmlns=\"http:\/\/www.w3.org\/2000\/svg\" aria-hidden=\"true\" focusable=\"false\"><path d=\"M12,4.622c2.403,0,2.688,0.009,3.637,0.052c0.877,0.04,1.354,0.187,1.671,0.31c0.42,0.163,0.72,0.358,1.035,0.673 c0.315,0.315,0.51,0.615,0.673,1.035c0.123,0.317,0.27,0.794,0.31,1.671c0.043,0.949,0.052,1.234,0.052,3.637 s-0.009,2.688-0.052,3.637c-0.04,0.877-0.187,1.354-0.31,1.671c-0.163,0.42-0.358,0.72-0.673,1.035 c-0.315,0.315-0.615,0.51-1.035,0.673c-0.317,0.123-0.794,0.27-1.671,0.31c-0.949,0.043-1.233,0.052-3.637,0.052 s-2.688-0.009-3.637-0.052c-0.877-0.04-1.354-0.187-1.671-0.31c-0.42-0.163-0.72-0.358-1.035-0.673 c-0.315-0.315-0.51-0.615-0.673-1.035c-0.123-0.317-0.27-0.794-0.31-1.671C4.631,14.688,4.622,14.403,4.622,12 s0.009-2.688,0.052-3.637c0.04-0.877,0.187-1.354,0.31-1.671c0.163-0.42,0.358-0.72,0.673-1.035 c0.315-0.315,0.615-0.51,1.035-0.673c0.317-0.123,0.794-0.27,1.671-0.31C9.312,4.631,9.597,4.622,12,4.622 M12,3 C9.556,3,9.249,3.01,8.289,3.054C7.331,3.098,6.677,3.25,6.105,3.472C5.513,3.702,5.011,4.01,4.511,4.511 c-0.5,0.5-0.808,1.002-1.038,1.594C3.25,6.677,3.098,7.331,3.054,8.289C3.01,9.249,3,9.556,3,12c0,2.444,0.01,2.751,0.054,3.711 c0.044,0.958,0.196,1.612,0.418,2.185c0.23,0.592,0.538,1.094,1.038,1.594c0.5,0.5,1.002,0.808,1.594,1.038 c0.572,0.222,1.227,0.375,2.185,0.418C9.249,20.99,9.556,21,12,21s2.751-0.01,3.711-0.054c0.958-0.044,1.612-0.196,2.185-0.418 c0.592-0.23,1.094-0.538,1.594-1.038c0.5-0.5,0.808-1.002,1.038-1.594c0.222-0.572,0.375-1.227,0.418-2.185 C20.99,14.751,21,14.444,21,12s-0.01-2.751-0.054-3.711c-0.044-0.958-0.196-1.612-0.418-2.185c-0.23-0.592-0.538-1.094-1.038-1.594 c-0.5-0.5-1.002-0.808-1.594-1.038c-0.572-0.222-1.227-0.375-2.185-0.418C14.751,3.01,14.444,3,12,3L12,3z M12,7.378 c-2.552,0-4.622,2.069-4.622,4.622S9.448,16.622,12,16.622s4.622-2.069,4.622-4.622S14.552,7.378,12,7.378z M12,15 c-1.657,0-3-1.343-3-3s1.343-3,3-3s3,1.343,3,3S13.657,15,12,15z M16.804,6.116c-0.596,0-1.08,0.484-1.08,1.08 s0.484,1.08,1.08,1.08c0.596,0,1.08-0.484,1.08-1.08S17.401,6.116,16.804,6.116z\"><\/path><\/svg><span class=\"wp-block-social-link-label screen-reader-text\">Instagram<\/span><\/a><\/li>\n\n<li class=\"wp-social-link wp-social-link-youtube  wp-block-social-link\"><a href=\"https:\/\/youtube.com\/@gimnazijavasopelagicbrcko5942?si=esC4RHJsJcUhOLuP\" class=\"wp-block-social-link-anchor\"><svg width=\"24\" height=\"24\" viewBox=\"0 0 24 24\" version=\"1.1\" xmlns=\"http:\/\/www.w3.org\/2000\/svg\" aria-hidden=\"true\" focusable=\"false\"><path d=\"M21.8,8.001c0,0-0.195-1.378-0.795-1.985c-0.76-0.797-1.613-0.801-2.004-0.847c-2.799-0.202-6.997-0.202-6.997-0.202 h-0.009c0,0-4.198,0-6.997,0.202C4.608,5.216,3.756,5.22,2.995,6.016C2.395,6.623,2.2,8.001,2.2,8.001S2,9.62,2,11.238v1.517 c0,1.618,0.2,3.237,0.2,3.237s0.195,1.378,0.795,1.985c0.761,0.797,1.76,0.771,2.205,0.855c1.6,0.153,6.8,0.201,6.8,0.201 s4.203-0.006,7.001-0.209c0.391-0.047,1.243-0.051,2.004-0.847c0.6-0.607,0.795-1.985,0.795-1.985s0.2-1.618,0.2-3.237v-1.517 C22,9.62,21.8,8.001,21.8,8.001z M9.935,14.594l-0.001-5.62l5.404,2.82L9.935,14.594z\"><\/path><\/svg><span class=\"wp-block-social-link-label screen-reader-text\">YouTube<\/span><\/a><\/li><\/ul>\n\n\n\n<div class=\"wp-block-group\"><div class=\"wp-block-group__inner-container is-layout-flow wp-block-group-is-layout-flow\">\n<p class=\"has-medium-font-size\"><strong>Naziv \u0161kole<\/strong>: JU GIMNAZIJA &#8220;VASO PELAGI\u0106&#8221; BR\u010cKO<\/p>\n\n\n\n<p class=\"has-medium-font-size\"><strong>Adresa \u0161kole<\/strong>: TRG PRAVDE 3, BR\u010cKO<\/p>\n\n\n\n<blockquote>\n<p class=\"has-medium-font-size\"><strong>Direktor<\/strong>: NERMIN KABLI\u0106<\/p>\n<\/blockquote>\n\n\n\n<p class=\"has-medium-font-size\"><strong>Kontakt telefon<\/strong>: 049\/211-941<\/p>\n\n\n\n<p class=\"has-medium-font-size\"><strong>E-mail:<\/strong> <a href=\"mailto:gimnazijabrcko.vasopelagic@gmail.com\">gimnazijabrcko.vasopelagic@gmail.com<\/a><\/p>\n\n\n\n<iframe src=\"https:\/\/www.google.com\/maps\/embed?pb=!1m18!1m12!1m3!1d2827.5165129422558!2d18.81051947487996!3d44.87213667107045!2m3!1f0!2f0!3f0!3m2!1i1024!2i768!4f13.1!3m3!1m2!1s0x475c0c06b6a87c3b%3A0x322ee244f46da656!2sJU%20Gimnazija%20%22Vaso%20Pelagi%C4%87%22%20Br%C4%8Dko!5e0!3m2!1ssr!2sba!4v1741172664347!5m2!1ssr!2sba\" width=\"600\" height=\"450\" style=\"border:0;\" allowfullscreen=\"\" loading=\"lazy\" referrerpolicy=\"no-referrer-when-downgrade\"><\/iframe>\n\n\n\n<p><\/p>\n<\/div><\/div>\n\n\n\n<div class=\"wp-block-group\"><div class=\"wp-block-group__inner-container is-layout-constrained wp-block-group-is-layout-constrained\">\n<div class=\"wp-block-columns is-layout-flex wp-container-core-columns-is-layout-9d6595d7 wp-block-columns-is-layout-flex\">\n<div class=\"wp-block-column is-layout-flow wp-block-column-is-layout-flow\" style=\"flex-basis:100%\"><\/div>\n<\/div>\n<\/div><\/div>\n","protected":false},"excerpt":{"rendered":"<p>Naziv \u0161kole: JU GIMNAZIJA &#8220;VASO PELAGI\u0106&#8221; BR\u010cKO Adresa \u0161kole: TRG PRAVDE 3, BR\u010cKO Direktor: NERMIN KABLI\u0106 Kontakt telefon: 049\/211-941 E-mail: gimnazijabrcko.vasopelagic@gmail.com<\/p>\n","protected":false},"author":1,"featured_media":0,"parent":0,"menu_order":0,"comment_status":"closed","ping_status":"closed","template":"","meta":{"_regular_price":[],"currency_symbol":[],"footnotes":""},"class_list":["post-50","page","type-page","status-publish","hentry"],"post_slider_layout_featured_media_urls":{"thumbnail":"","post_slider_layout_landscape_large":"","post_slider_layout_portrait_large":"","post_slider_layout_square_large":"","post_slider_layout_landscape":"","post_slider_layout_portrait":"","post_slider_layout_square":"","full":""},"yoast_head":"<!-- This site is optimized with the Yoast SEO plugin v27.3 - https:\/\/yoast.com\/product\/yoast-seo-wordpress\/ -->\n<title>KONTAKT -<\/title>\n<meta name=\"robots\" content=\"index, follow, max-snippet:-1, max-image-preview:large, max-video-preview:-1\" \/>\n<link rel=\"canonical\" href=\"https:\/\/gimnazija.skolabd.edu.ba\/index.php\/kontakt\/\" \/>\n<meta property=\"og:locale\" content=\"bs_BA\" \/>\n<meta property=\"og:type\" content=\"article\" \/>\n<meta property=\"og:title\" content=\"KONTAKT -\" \/>\n<meta property=\"og:description\" content=\"Naziv \u0161kole: JU GIMNAZIJA &#8220;VASO PELAGI\u0106&#8221; BR\u010cKO Adresa \u0161kole: TRG PRAVDE 3, BR\u010cKO Direktor: NERMIN KABLI\u0106 Kontakt telefon: 049\/211-941 E-mail: gimnazijabrcko.vasopelagic@gmail.com\" \/>\n<meta property=\"og:url\" content=\"https:\/\/gimnazija.skolabd.edu.ba\/index.php\/kontakt\/\" \/>\n<meta property=\"article:modified_time\" content=\"2025-09-11T19:46:41+00:00\" \/>\n<meta name=\"twitter:card\" content=\"summary_large_image\" \/>\n<script type=\"application\/ld+json\" class=\"yoast-schema-graph\">{\"@context\":\"https:\\\/\\\/schema.org\",\"@graph\":[{\"@type\":\"WebPage\",\"@id\":\"https:\\\/\\\/gimnazija.skolabd.edu.ba\\\/index.php\\\/kontakt\\\/\",\"url\":\"https:\\\/\\\/gimnazija.skolabd.edu.ba\\\/index.php\\\/kontakt\\\/\",\"name\":\"KONTAKT -\",\"isPartOf\":{\"@id\":\"https:\\\/\\\/gimnazija.skolabd.edu.ba\\\/#website\"},\"datePublished\":\"2021-09-08T08:01:00+00:00\",\"dateModified\":\"2025-09-11T19:46:41+00:00\",\"breadcrumb\":{\"@id\":\"https:\\\/\\\/gimnazija.skolabd.edu.ba\\\/index.php\\\/kontakt\\\/#breadcrumb\"},\"inLanguage\":\"bs-BA\",\"potentialAction\":[{\"@type\":\"ReadAction\",\"target\":[\"https:\\\/\\\/gimnazija.skolabd.edu.ba\\\/index.php\\\/kontakt\\\/\"]}]},{\"@type\":\"BreadcrumbList\",\"@id\":\"https:\\\/\\\/gimnazija.skolabd.edu.ba\\\/index.php\\\/kontakt\\\/#breadcrumb\",\"itemListElement\":[{\"@type\":\"ListItem\",\"position\":1,\"name\":\"Home\",\"item\":\"https:\\\/\\\/gimnazija.skolabd.edu.ba\\\/\"},{\"@type\":\"ListItem\",\"position\":2,\"name\":\"KONTAKT\"}]},{\"@type\":\"WebSite\",\"@id\":\"https:\\\/\\\/gimnazija.skolabd.edu.ba\\\/#website\",\"url\":\"https:\\\/\\\/gimnazija.skolabd.edu.ba\\\/\",\"name\":\"JU GIMNAZIJA \\\"VASO PELAGI\u0106\\\" BR\u010cKO\",\"description\":\"\",\"publisher\":{\"@id\":\"https:\\\/\\\/gimnazija.skolabd.edu.ba\\\/#organization\"},\"potentialAction\":[{\"@type\":\"SearchAction\",\"target\":{\"@type\":\"EntryPoint\",\"urlTemplate\":\"https:\\\/\\\/gimnazija.skolabd.edu.ba\\\/?s={search_term_string}\"},\"query-input\":{\"@type\":\"PropertyValueSpecification\",\"valueRequired\":true,\"valueName\":\"search_term_string\"}}],\"inLanguage\":\"bs-BA\"},{\"@type\":\"Organization\",\"@id\":\"https:\\\/\\\/gimnazija.skolabd.edu.ba\\\/#organization\",\"name\":\"JU GIMNAZIJA \\\"VASO PELAGI\u0106\\\" BR\u010cKO\",\"url\":\"https:\\\/\\\/gimnazija.skolabd.edu.ba\\\/\",\"logo\":{\"@type\":\"ImageObject\",\"inLanguage\":\"bs-BA\",\"@id\":\"https:\\\/\\\/gimnazija.skolabd.edu.ba\\\/#\\\/schema\\\/logo\\\/image\\\/\",\"url\":\"https:\\\/\\\/gimnazija.skolabd.edu.ba\\\/wp-content\\\/uploads\\\/2023\\\/01\\\/cropped-logo-740x740-1.png\",\"contentUrl\":\"https:\\\/\\\/gimnazija.skolabd.edu.ba\\\/wp-content\\\/uploads\\\/2023\\\/01\\\/cropped-logo-740x740-1.png\",\"width\":240,\"height\":240,\"caption\":\"JU GIMNAZIJA \\\"VASO PELAGI\u0106\\\" BR\u010cKO\"},\"image\":{\"@id\":\"https:\\\/\\\/gimnazija.skolabd.edu.ba\\\/#\\\/schema\\\/logo\\\/image\\\/\"}}]}<\/script>\n<!-- \/ Yoast SEO plugin. -->","yoast_head_json":{"title":"KONTAKT -","robots":{"index":"index","follow":"follow","max-snippet":"max-snippet:-1","max-image-preview":"max-image-preview:large","max-video-preview":"max-video-preview:-1"},"canonical":"https:\/\/gimnazija.skolabd.edu.ba\/index.php\/kontakt\/","og_locale":"bs_BA","og_type":"article","og_title":"KONTAKT -","og_description":"Naziv \u0161kole: JU GIMNAZIJA &#8220;VASO PELAGI\u0106&#8221; BR\u010cKO Adresa \u0161kole: TRG PRAVDE 3, BR\u010cKO Direktor: NERMIN KABLI\u0106 Kontakt telefon: 049\/211-941 E-mail: gimnazijabrcko.vasopelagic@gmail.com","og_url":"https:\/\/gimnazija.skolabd.edu.ba\/index.php\/kontakt\/","article_modified_time":"2025-09-11T19:46:41+00:00","twitter_card":"summary_large_image","schema":{"@context":"https:\/\/schema.org","@graph":[{"@type":"WebPage","@id":"https:\/\/gimnazija.skolabd.edu.ba\/index.php\/kontakt\/","url":"https:\/\/gimnazija.skolabd.edu.ba\/index.php\/kontakt\/","name":"KONTAKT -","isPartOf":{"@id":"https:\/\/gimnazija.skolabd.edu.ba\/#website"},"datePublished":"2021-09-08T08:01:00+00:00","dateModified":"2025-09-11T19:46:41+00:00","breadcrumb":{"@id":"https:\/\/gimnazija.skolabd.edu.ba\/index.php\/kontakt\/#breadcrumb"},"inLanguage":"bs-BA","potentialAction":[{"@type":"ReadAction","target":["https:\/\/gimnazija.skolabd.edu.ba\/index.php\/kontakt\/"]}]},{"@type":"BreadcrumbList","@id":"https:\/\/gimnazija.skolabd.edu.ba\/index.php\/kontakt\/#breadcrumb","itemListElement":[{"@type":"ListItem","position":1,"name":"Home","item":"https:\/\/gimnazija.skolabd.edu.ba\/"},{"@type":"ListItem","position":2,"name":"KONTAKT"}]},{"@type":"WebSite","@id":"https:\/\/gimnazija.skolabd.edu.ba\/#website","url":"https:\/\/gimnazija.skolabd.edu.ba\/","name":"JU GIMNAZIJA \"VASO PELAGI\u0106\" BR\u010cKO","description":"","publisher":{"@id":"https:\/\/gimnazija.skolabd.edu.ba\/#organization"},"potentialAction":[{"@type":"SearchAction","target":{"@type":"EntryPoint","urlTemplate":"https:\/\/gimnazija.skolabd.edu.ba\/?s={search_term_string}"},"query-input":{"@type":"PropertyValueSpecification","valueRequired":true,"valueName":"search_term_string"}}],"inLanguage":"bs-BA"},{"@type":"Organization","@id":"https:\/\/gimnazija.skolabd.edu.ba\/#organization","name":"JU GIMNAZIJA \"VASO PELAGI\u0106\" BR\u010cKO","url":"https:\/\/gimnazija.skolabd.edu.ba\/","logo":{"@type":"ImageObject","inLanguage":"bs-BA","@id":"https:\/\/gimnazija.skolabd.edu.ba\/#\/schema\/logo\/image\/","url":"https:\/\/gimnazija.skolabd.edu.ba\/wp-content\/uploads\/2023\/01\/cropped-logo-740x740-1.png","contentUrl":"https:\/\/gimnazija.skolabd.edu.ba\/wp-content\/uploads\/2023\/01\/cropped-logo-740x740-1.png","width":240,"height":240,"caption":"JU GIMNAZIJA \"VASO PELAGI\u0106\" BR\u010cKO"},"image":{"@id":"https:\/\/gimnazija.skolabd.edu.ba\/#\/schema\/logo\/image\/"}}]}},"_links":{"self":[{"href":"https:\/\/gimnazija.skolabd.edu.ba\/index.php\/wp-json\/wp\/v2\/pages\/50","targetHints":{"allow":["GET"]}}],"collection":[{"href":"https:\/\/gimnazija.skolabd.edu.ba\/index.php\/wp-json\/wp\/v2\/pages"}],"about":[{"href":"https:\/\/gimnazija.skolabd.edu.ba\/index.php\/wp-json\/wp\/v2\/types\/page"}],"author":[{"embeddable":true,"href":"https:\/\/gimnazija.skolabd.edu.ba\/index.php\/wp-json\/wp\/v2\/users\/1"}],"replies":[{"embeddable":true,"href":"https:\/\/gimnazija.skolabd.edu.ba\/index.php\/wp-json\/wp\/v2\/comments?post=50"}],"version-history":[{"count":17,"href":"https:\/\/gimnazija.skolabd.edu.ba\/index.php\/wp-json\/wp\/v2\/pages\/50\/revisions"}],"predecessor-version":[{"id":2768,"href":"https:\/\/gimnazija.skolabd.edu.ba\/index.php\/wp-json\/wp\/v2\/pages\/50\/revisions\/2768"}],"wp:attachment":[{"href":"https:\/\/gimnazija.skolabd.edu.ba\/index.php\/wp-json\/wp\/v2\/media?parent=50"}],"curies":[{"name":"wp","href":"https:\/\/api.w.org\/{rel}","templated":true}]}}