{"id":46,"date":"2022-04-22T19:30:27","date_gmt":"2022-04-22T19:30:27","guid":{"rendered":"http:\/\/gimnazija.skolabd.edu.ba\/?page_id=46"},"modified":"2023-05-31T06:24:34","modified_gmt":"2023-05-31T06:24:34","slug":"izrada-maturskog-rada","status":"publish","type":"page","link":"https:\/\/gimnazija.skolabd.edu.ba\/index.php\/izrada-maturskog-rada\/","title":{"rendered":"Izrada maturskog rada"},"content":{"rendered":"\n<p>Svrha maturskog rada je da u\u010denik poka\u017ee koliko vlada materijom u vezi sa temom, u kojoj mjeri je usvojio metode i pristup obradi teme, kako se slu\u017ei literaturom, da li je osposobljen da analizira, kriti\u010dki razmi\u0161lja i da samostalno izrazi svoj li\u010dni stav u odnosu na temu koju obra\u0111uje.<\/p>\n\n\n\n<p>Izrada maturskog rada sastoji se iz nekoliko etapa. Poslije izbora teme u\u010denik na konsultacijama dobija uputstva o literaturi i drugim izvorima koje mo\u017ee da koristi kako bi uspje\u0161no uradio maturski rad. <\/p>\n\n\n\n<p>U prilogu su date smjernice za izradu rada.<\/p>\n\n\n\n<div class=\"wp-block-file\"><a id=\"wp-block-file--media-7fd05f6c-1a77-4b82-9bee-b68a2c0e9b25\" href=\"https:\/\/gimnazija.skolabd.edu.ba\/wp-content\/uploads\/2023\/05\/Podesavanja-u-maturskom-radu-1.docx\">Podesavanja u maturskom-radu<\/a><a href=\"https:\/\/gimnazija.skolabd.edu.ba\/wp-content\/uploads\/2023\/05\/Podesavanja-u-maturskom-radu-1.docx\" class=\"wp-block-file__button wp-element-button\" download aria-describedby=\"wp-block-file--media-7fd05f6c-1a77-4b82-9bee-b68a2c0e9b25\">Preuzmi<\/a><\/div>\n\n\n\n<div class=\"wp-block-file\"><a id=\"wp-block-file--media-3a1b8ed2-9a47-4490-b7bd-a4c34cf1ae16\" href=\"https:\/\/gimnazija.skolabd.edu.ba\/wp-content\/uploads\/2023\/04\/prva-stranica.doc\">prva stranica<\/a><a href=\"https:\/\/gimnazija.skolabd.edu.ba\/wp-content\/uploads\/2023\/04\/prva-stranica.doc\" class=\"wp-block-file__button wp-element-button\" download aria-describedby=\"wp-block-file--media-3a1b8ed2-9a47-4490-b7bd-a4c34cf1ae16\">Preuzmi<\/a><\/div>\n\n\n\n<div class=\"wp-block-file\"><a id=\"wp-block-file--media-8089543e-2b33-4d1d-88dc-058438438f6b\" href=\"https:\/\/gimnazija.skolabd.edu.ba\/wp-content\/uploads\/2023\/04\/posljednja-stranica.doc\">posljednja stranica<\/a><a href=\"https:\/\/gimnazija.skolabd.edu.ba\/wp-content\/uploads\/2023\/04\/posljednja-stranica.doc\" class=\"wp-block-file__button wp-element-button\" download aria-describedby=\"wp-block-file--media-8089543e-2b33-4d1d-88dc-058438438f6b\">Preuzmi<\/a><\/div>\n\n\n\n<div class=\"wp-block-file\"><a id=\"wp-block-file--media-0f79f037-32d7-4af0-94cc-f3e4b91ad8b2\" href=\"https:\/\/gimnazija.skolabd.edu.ba\/wp-content\/uploads\/2023\/04\/\u043f\u0440\u0432\u0430-\u0441\u0442\u0440\u0430\u043d\u0438\u0446\u0430.doc\">\u043f\u0440\u0432\u0430 \u0441\u0442\u0440\u0430\u043d\u0438\u0446\u0430<\/a><a href=\"https:\/\/gimnazija.skolabd.edu.ba\/wp-content\/uploads\/2023\/04\/\u043f\u0440\u0432\u0430-\u0441\u0442\u0440\u0430\u043d\u0438\u0446\u0430.doc\" class=\"wp-block-file__button wp-element-button\" download aria-describedby=\"wp-block-file--media-0f79f037-32d7-4af0-94cc-f3e4b91ad8b2\">Preuzmi<\/a><\/div>\n\n\n\n<div class=\"wp-block-file\"><a id=\"wp-block-file--media-da5f9cda-56d7-46ab-b0db-54838b465263\" href=\"https:\/\/gimnazija.skolabd.edu.ba\/wp-content\/uploads\/2023\/04\/\u043f\u043e\u0441\u0459\u0435\u0434\u045a\u0430-\u0441\u0442\u0440\u0430\u043d\u0438\u0446\u0430.doc\">\u043f\u043e\u0441\u0459\u0435\u0434\u045a\u0430 \u0441\u0442\u0440\u0430\u043d\u0438\u0446\u0430<\/a><a href=\"https:\/\/gimnazija.skolabd.edu.ba\/wp-content\/uploads\/2023\/04\/\u043f\u043e\u0441\u0459\u0435\u0434\u045a\u0430-\u0441\u0442\u0440\u0430\u043d\u0438\u0446\u0430.doc\" class=\"wp-block-file__button wp-element-button\" download aria-describedby=\"wp-block-file--media-da5f9cda-56d7-46ab-b0db-54838b465263\">Preuzmi<\/a><\/div>\n\n\n\n<div data-wp-interactive=\"core\/file\" class=\"wp-block-file\"><object data-wp-bind--hidden=\"!state.hasPdfPreview\" hidden class=\"wp-block-file__embed\" data=\"https:\/\/gimnazija.skolabd.edu.ba\/wp-content\/uploads\/2023\/05\/PRIMJER-MATURSKOG-RADA.pdf\" type=\"application\/pdf\" style=\"width:100%;height:600px\" aria-label=\"Ugra\u0111ivanje PRIMJER-MATURSKOG-RADA.\"><\/object><a id=\"wp-block-file--media-0e5b2552-b743-4005-b0f3-ee94d10fc548\" href=\"https:\/\/gimnazija.skolabd.edu.ba\/wp-content\/uploads\/2023\/05\/PRIMJER-MATURSKOG-RADA.pdf\">PRIMJER-MATURSKOG-RADA<\/a><a href=\"https:\/\/gimnazija.skolabd.edu.ba\/wp-content\/uploads\/2023\/05\/PRIMJER-MATURSKOG-RADA.pdf\" class=\"wp-block-file__button wp-element-button\" download aria-describedby=\"wp-block-file--media-0e5b2552-b743-4005-b0f3-ee94d10fc548\">Preuzmi<\/a><\/div>\n","protected":false},"excerpt":{"rendered":"<p>Svrha maturskog rada je da u\u010denik poka\u017ee koliko vlada materijom u vezi sa temom, u kojoj mjeri je usvojio metode i pristup obradi teme, kako se slu\u017ei literaturom, da li je osposobljen da analizira, kriti\u010dki razmi\u0161lja i da samostalno izrazi svoj li\u010dni stav u odnosu na temu koju obra\u0111uje. Izrada maturskog rada sastoji se iz [&hellip;]<\/p>\n","protected":false},"author":1,"featured_media":0,"parent":0,"menu_order":0,"comment_status":"closed","ping_status":"closed","template":"","meta":{"_regular_price":[],"currency_symbol":[],"footnotes":""},"class_list":["post-46","page","type-page","status-publish","hentry"],"post_slider_layout_featured_media_urls":{"thumbnail":"","post_slider_layout_landscape_large":"","post_slider_layout_portrait_large":"","post_slider_layout_square_large":"","post_slider_layout_landscape":"","post_slider_layout_portrait":"","post_slider_layout_square":"","full":""},"_links":{"self":[{"href":"https:\/\/gimnazija.skolabd.edu.ba\/index.php\/wp-json\/wp\/v2\/pages\/46","targetHints":{"allow":["GET"]}}],"collection":[{"href":"https:\/\/gimnazija.skolabd.edu.ba\/index.php\/wp-json\/wp\/v2\/pages"}],"about":[{"href":"https:\/\/gimnazija.skolabd.edu.ba\/index.php\/wp-json\/wp\/v2\/types\/page"}],"author":[{"embeddable":true,"href":"https:\/\/gimnazija.skolabd.edu.ba\/index.php\/wp-json\/wp\/v2\/users\/1"}],"replies":[{"embeddable":true,"href":"https:\/\/gimnazija.skolabd.edu.ba\/index.php\/wp-json\/wp\/v2\/comments?post=46"}],"version-history":[{"count":6,"href":"https:\/\/gimnazija.skolabd.edu.ba\/index.php\/wp-json\/wp\/v2\/pages\/46\/revisions"}],"predecessor-version":[{"id":1610,"href":"https:\/\/gimnazija.skolabd.edu.ba\/index.php\/wp-json\/wp\/v2\/pages\/46\/revisions\/1610"}],"wp:attachment":[{"href":"https:\/\/gimnazija.skolabd.edu.ba\/index.php\/wp-json\/wp\/v2\/media?parent=46"}],"curies":[{"name":"wp","href":"https:\/\/api.w.org\/{rel}","templated":true}]}}