{"id":40,"date":"2022-04-22T19:45:57","date_gmt":"2022-04-22T19:45:57","guid":{"rendered":"http:\/\/gimnazija.skolabd.edu.ba\/?page_id=40"},"modified":"2025-06-06T15:31:19","modified_gmt":"2025-06-06T13:31:19","slug":"generacije","status":"publish","type":"page","link":"https:\/\/gimnazija.skolabd.edu.ba\/index.php\/generacije\/","title":{"rendered":"U\u010denici generacije"},"content":{"rendered":"\n<p><strong>\u0421\u0442\u0435\u0444\u0430\u043d \u0412\u0443\u0458\u0438\u043d\u043e\u0432\u0438\u045b<\/strong> \u0458\u0435 \u0443\u0447\u0435\u043d\u0438\u043a \u0433\u0435\u043d\u0435\u0440\u0430\u0446\u0438\u0458\u0435 \u0437\u0430 \u0448\u043a\u043e\u043b\u0441\u043a\u0443 2024\/2025. \u0433\u043e\u0434\u0438\u043d\u0443.<\/p>\n\n\n\n<figure class=\"wp-block-image size-medium is-style-rounded\"><img loading=\"lazy\" decoding=\"async\" width=\"200\" height=\"300\" src=\"https:\/\/gimnazija.skolabd.edu.ba\/wp-content\/uploads\/2025\/06\/1000027909-200x300.jpg\" alt=\"\" class=\"wp-image-2726\" srcset=\"https:\/\/gimnazija.skolabd.edu.ba\/wp-content\/uploads\/2025\/06\/1000027909-200x300.jpg 200w, https:\/\/gimnazija.skolabd.edu.ba\/wp-content\/uploads\/2025\/06\/1000027909-681x1024.jpg 681w, https:\/\/gimnazija.skolabd.edu.ba\/wp-content\/uploads\/2025\/06\/1000027909-768x1154.jpg 768w, https:\/\/gimnazija.skolabd.edu.ba\/wp-content\/uploads\/2025\/06\/1000027909-1022x1536.jpg 1022w, https:\/\/gimnazija.skolabd.edu.ba\/wp-content\/uploads\/2025\/06\/1000027909-600x900.jpg 600w, https:\/\/gimnazija.skolabd.edu.ba\/wp-content\/uploads\/2025\/06\/1000027909.jpg 1080w\" sizes=\"auto, (max-width: 200px) 100vw, 200px\" \/><figcaption class=\"wp-element-caption\">Evoto<\/figcaption><\/figure>\n\n\n\n<p><strong>\u0414\u0440\u0430\u0436\u0435\u043d \u041f\u0435\u0442\u0440\u043e\u0432\u0438\u045b<\/strong> \u0458\u0435 \u0443\u0447\u0435\u043d\u0438\u043a \u0433\u0435\u043d\u0435\u0440\u0430\u0446\u0438\u0458\u0435 \u0437\u0430 \u0448\u043a\u043e\u043b\u0441\u043a\u0443 2023\/2024. \u0433\u043e\u0434\u0438\u043d\u0443.<\/p>\n\n\n\n<figure class=\"wp-block-image size-full is-resized is-style-rounded\"><img loading=\"lazy\" decoding=\"async\" width=\"540\" height=\"812\" src=\"https:\/\/gimnazija.skolabd.edu.ba\/wp-content\/uploads\/2024\/05\/\u0434\u0440\u0430\u0436\u0435\u043d.jpg\" alt=\"\" class=\"wp-image-2248\" style=\"width:199px;height:auto\" srcset=\"https:\/\/gimnazija.skolabd.edu.ba\/wp-content\/uploads\/2024\/05\/\u0434\u0440\u0430\u0436\u0435\u043d.jpg 540w, https:\/\/gimnazija.skolabd.edu.ba\/wp-content\/uploads\/2024\/05\/\u0434\u0440\u0430\u0436\u0435\u043d-200x300.jpg 200w\" sizes=\"auto, (max-width: 540px) 100vw, 540px\" \/><figcaption class=\"wp-element-caption\">Evoto<\/figcaption><\/figure>\n\n\n\n<p><strong>Amar Ribi\u0107 <\/strong>je u\u010denik generacije za \u0161kolsku 2022\/2023. godinu.<\/p>\n\n\n\n<figure class=\"wp-block-image size-large is-resized is-style-rounded\"><img loading=\"lazy\" decoding=\"async\" width=\"682\" height=\"1024\" src=\"https:\/\/gimnazija.skolabd.edu.ba\/wp-content\/uploads\/2023\/06\/Amar-Ribic-682x1024.jpg\" alt=\"\" class=\"wp-image-1631\" style=\"width:201px;height:302px\" srcset=\"https:\/\/gimnazija.skolabd.edu.ba\/wp-content\/uploads\/2023\/06\/Amar-Ribic-682x1024.jpg 682w, https:\/\/gimnazija.skolabd.edu.ba\/wp-content\/uploads\/2023\/06\/Amar-Ribic-600x902.jpg 600w, https:\/\/gimnazija.skolabd.edu.ba\/wp-content\/uploads\/2023\/06\/Amar-Ribic-200x300.jpg 200w, https:\/\/gimnazija.skolabd.edu.ba\/wp-content\/uploads\/2023\/06\/Amar-Ribic-768x1154.jpg 768w, https:\/\/gimnazija.skolabd.edu.ba\/wp-content\/uploads\/2023\/06\/Amar-Ribic-1022x1536.jpg 1022w, https:\/\/gimnazija.skolabd.edu.ba\/wp-content\/uploads\/2023\/06\/Amar-Ribic.jpg 1363w\" sizes=\"auto, (max-width: 682px) 100vw, 682px\" \/><\/figure>\n\n\n\n<p><strong>Azra \u0160adi\u0107 <\/strong>je u\u010denica generacije za \u0161kolsku 2021\/2022. godinu.<\/p>\n\n\n\n<figure class=\"wp-block-image size-medium is-style-rounded\"><img decoding=\"async\" src=\"https:\/\/gimnazija.skolabd.edu.ba\/wp-content\/uploads\/2022\/06\/Azra-Sadic-200x300.jpg\" alt=\"\" class=\"wp-image-1189\"\/><\/figure>\n\n\n\n<p><strong>\u041c\u0438\u0445\u0430\u0435\u043b\u0430 \u0413\u0430\u0458\u0438\u045b<\/strong> je \u0443\u0447e\u043d\u0438\u0446a \u0433e\u043de\u0440a\u0446\u0438je \u0437\u0430 \u0448\u043a\u043e\u043b\u0441\u043a\u0443 2020\/2021. \u0433\u043e\u0434\u0438\u043d\u0443.<\/p>\n\n\n\n<figure class=\"wp-block-image size-medium is-style-rounded\"><img decoding=\"async\" src=\"https:\/\/gimnazija.skolabd.edu.ba\/wp-content\/uploads\/2022\/04\/\u041c\u0438\u0445\u0430\u0435\u043b\u0430-\u0413\u0430\u0458\u0438\u045b-200x300.jpg\" alt=\"\" class=\"wp-image-879\"\/><\/figure>\n\n\n\n<p><strong>\u041d\u0438\u043ao\u043b\u0438\u043da \u0421\u0442a\u043d\u0438\u0448\u0438\u045b<\/strong> je \u0443\u0447e\u043d\u0438\u0446a \u0433e\u043de\u0440a\u0446\u0438je \u0437\u0430 \u0448\u043a\u043e\u043b\u0441\u043a\u0443 2019\/2020. \u0433\u043e\u0434\u0438\u043d\u0443.<\/p>\n\n\n\n<figure class=\"wp-block-image size-medium is-style-rounded\"><img decoding=\"async\" src=\"https:\/\/gimnazija.skolabd.edu.ba\/wp-content\/uploads\/2022\/04\/\u041d\u0438\u043ao\u043b\u0438\u043da-\u0421\u0442a\u043d\u0438\u0448\u0438\u045b-200x300.jpg\" alt=\"\" class=\"wp-image-873\"\/><\/figure>\n\n\n\n<p><strong>Adisa Bajramovi\u0107 <\/strong>je u\u010denica generacije za \u0161kolsku 2018\/2019. godinu.<\/p>\n\n\n\n<div class=\"wp-block-columns is-layout-flex wp-container-core-columns-is-layout-9d6595d7 wp-block-columns-is-layout-flex\">\n<div class=\"wp-block-column is-layout-flow wp-block-column-is-layout-flow\" style=\"flex-basis:100%\">\n<figure class=\"wp-block-image size-medium is-style-rounded\"><img decoding=\"async\" src=\"https:\/\/gimnazija.skolabd.edu.ba\/wp-content\/uploads\/2022\/04\/Adisa-Bajramovic-1-200x300.jpg\" alt=\"\" class=\"wp-image-885\"\/><\/figure>\n<\/div>\n<\/div>\n\n\n\n<p><strong>Hasen Zej\u0107irevi\u0107 <\/strong>je u\u010denik generacije za \u0161kolsku 2017\/2018. godinu.<\/p>\n\n\n\n<figure class=\"wp-block-image size-full is-resized is-style-rounded\"><img decoding=\"async\" src=\"https:\/\/gimnazija.skolabd.edu.ba\/wp-content\/uploads\/2022\/05\/Hasen-Zejcirovic-2017-2018.png\" alt=\"\" class=\"wp-image-1040\" style=\"width:207px;height:247px\"\/><\/figure>\n\n\n\n<p><strong>\u0421\u0442\u0435\u0444\u0430\u043d\u0435\u043b\u0430 \u0402\u0443\u043a\u0438\u045b<\/strong> \u0458\u0435 \u0443\u0447\u0435\u043d\u0438\u0446\u0430 \u0433\u0435\u043d\u0435\u0440\u0430\u0446\u0438\u0458\u0435 \u0437\u0430 \u0448\u043a\u043e\u043b\u0441\u043a\u0443 2016\/2017. \u0433\u043e\u0434\u0438\u043d\u0443.<\/p>\n\n\n\n<figure class=\"wp-block-image size-full is-resized is-style-rounded\"><img decoding=\"async\" src=\"https:\/\/gimnazija.skolabd.edu.ba\/wp-content\/uploads\/2022\/05\/stefanela-1.jpg\" alt=\"\" class=\"wp-image-1042\" style=\"width:213px;height:320px\"\/><\/figure>\n","protected":false},"excerpt":{"rendered":"<p>\u0421\u0442\u0435\u0444\u0430\u043d \u0412\u0443\u0458\u0438\u043d\u043e\u0432\u0438\u045b \u0458\u0435 \u0443\u0447\u0435\u043d\u0438\u043a \u0433\u0435\u043d\u0435\u0440\u0430\u0446\u0438\u0458\u0435 \u0437\u0430 \u0448\u043a\u043e\u043b\u0441\u043a\u0443 2024\/2025. \u0433\u043e\u0434\u0438\u043d\u0443. \u0414\u0440\u0430\u0436\u0435\u043d \u041f\u0435\u0442\u0440\u043e\u0432\u0438\u045b \u0458\u0435 \u0443\u0447\u0435\u043d\u0438\u043a \u0433\u0435\u043d\u0435\u0440\u0430\u0446\u0438\u0458\u0435 \u0437\u0430 \u0448\u043a\u043e\u043b\u0441\u043a\u0443 2023\/2024. \u0433\u043e\u0434\u0438\u043d\u0443. Amar Ribi\u0107 je u\u010denik generacije za \u0161kolsku 2022\/2023. godinu. Azra \u0160adi\u0107 je u\u010denica generacije za \u0161kolsku 2021\/2022. godinu. \u041c\u0438\u0445\u0430\u0435\u043b\u0430 \u0413\u0430\u0458\u0438\u045b je \u0443\u0447e\u043d\u0438\u0446a \u0433e\u043de\u0440a\u0446\u0438je \u0437\u0430 \u0448\u043a\u043e\u043b\u0441\u043a\u0443 2020\/2021. \u0433\u043e\u0434\u0438\u043d\u0443. \u041d\u0438\u043ao\u043b\u0438\u043da \u0421\u0442a\u043d\u0438\u0448\u0438\u045b je \u0443\u0447e\u043d\u0438\u0446a \u0433e\u043de\u0440a\u0446\u0438je \u0437\u0430 \u0448\u043a\u043e\u043b\u0441\u043a\u0443 2019\/2020. \u0433\u043e\u0434\u0438\u043d\u0443. Adisa [&hellip;]<\/p>\n","protected":false},"author":1,"featured_media":0,"parent":0,"menu_order":0,"comment_status":"closed","ping_status":"closed","template":"","meta":{"_regular_price":[],"currency_symbol":[],"footnotes":""},"class_list":["post-40","page","type-page","status-publish","hentry"],"post_slider_layout_featured_media_urls":{"thumbnail":"","post_slider_layout_landscape_large":"","post_slider_layout_portrait_large":"","post_slider_layout_square_large":"","post_slider_layout_landscape":"","post_slider_layout_portrait":"","post_slider_layout_square":"","full":""},"yoast_head":"<!-- This site is optimized with the Yoast SEO plugin v27.4 - https:\/\/yoast.com\/product\/yoast-seo-wordpress\/ -->\n<title>U\u010denici generacije -<\/title>\n<meta name=\"robots\" content=\"index, follow, max-snippet:-1, max-image-preview:large, max-video-preview:-1\" \/>\n<link rel=\"canonical\" href=\"https:\/\/gimnazija.skolabd.edu.ba\/index.php\/generacije\/\" \/>\n<meta property=\"og:locale\" content=\"bs_BA\" \/>\n<meta property=\"og:type\" content=\"article\" \/>\n<meta property=\"og:title\" content=\"U\u010denici generacije -\" \/>\n<meta property=\"og:description\" content=\"\u0421\u0442\u0435\u0444\u0430\u043d \u0412\u0443\u0458\u0438\u043d\u043e\u0432\u0438\u045b \u0458\u0435 \u0443\u0447\u0435\u043d\u0438\u043a \u0433\u0435\u043d\u0435\u0440\u0430\u0446\u0438\u0458\u0435 \u0437\u0430 \u0448\u043a\u043e\u043b\u0441\u043a\u0443 2024\/2025. \u0433\u043e\u0434\u0438\u043d\u0443. \u0414\u0440\u0430\u0436\u0435\u043d \u041f\u0435\u0442\u0440\u043e\u0432\u0438\u045b \u0458\u0435 \u0443\u0447\u0435\u043d\u0438\u043a \u0433\u0435\u043d\u0435\u0440\u0430\u0446\u0438\u0458\u0435 \u0437\u0430 \u0448\u043a\u043e\u043b\u0441\u043a\u0443 2023\/2024. \u0433\u043e\u0434\u0438\u043d\u0443. Amar Ribi\u0107 je u\u010denik generacije za \u0161kolsku 2022\/2023. godinu. Azra \u0160adi\u0107 je u\u010denica generacije za \u0161kolsku 2021\/2022. godinu. \u041c\u0438\u0445\u0430\u0435\u043b\u0430 \u0413\u0430\u0458\u0438\u045b je \u0443\u0447e\u043d\u0438\u0446a \u0433e\u043de\u0440a\u0446\u0438je \u0437\u0430 \u0448\u043a\u043e\u043b\u0441\u043a\u0443 2020\/2021. \u0433\u043e\u0434\u0438\u043d\u0443. \u041d\u0438\u043ao\u043b\u0438\u043da \u0421\u0442a\u043d\u0438\u0448\u0438\u045b je \u0443\u0447e\u043d\u0438\u0446a \u0433e\u043de\u0440a\u0446\u0438je \u0437\u0430 \u0448\u043a\u043e\u043b\u0441\u043a\u0443 2019\/2020. \u0433\u043e\u0434\u0438\u043d\u0443. Adisa [&hellip;]\" \/>\n<meta property=\"og:url\" content=\"https:\/\/gimnazija.skolabd.edu.ba\/index.php\/generacije\/\" \/>\n<meta property=\"article:modified_time\" content=\"2025-06-06T13:31:19+00:00\" \/>\n<meta property=\"og:image\" content=\"https:\/\/gimnazija.skolabd.edu.ba\/wp-content\/uploads\/2025\/06\/1000027909.jpg\" \/>\n\t<meta property=\"og:image:width\" content=\"1080\" \/>\n\t<meta property=\"og:image:height\" content=\"1623\" \/>\n\t<meta property=\"og:image:type\" content=\"image\/jpeg\" \/>\n<meta name=\"twitter:card\" content=\"summary_large_image\" \/>\n<script type=\"application\/ld+json\" class=\"yoast-schema-graph\">{\"@context\":\"https:\\\/\\\/schema.org\",\"@graph\":[{\"@type\":\"WebPage\",\"@id\":\"https:\\\/\\\/gimnazija.skolabd.edu.ba\\\/index.php\\\/generacije\\\/\",\"url\":\"https:\\\/\\\/gimnazija.skolabd.edu.ba\\\/index.php\\\/generacije\\\/\",\"name\":\"U\u010denici generacije -\",\"isPartOf\":{\"@id\":\"https:\\\/\\\/gimnazija.skolabd.edu.ba\\\/#website\"},\"primaryImageOfPage\":{\"@id\":\"https:\\\/\\\/gimnazija.skolabd.edu.ba\\\/index.php\\\/generacije\\\/#primaryimage\"},\"image\":{\"@id\":\"https:\\\/\\\/gimnazija.skolabd.edu.ba\\\/index.php\\\/generacije\\\/#primaryimage\"},\"thumbnailUrl\":\"https:\\\/\\\/gimnazija.skolabd.edu.ba\\\/wp-content\\\/uploads\\\/2025\\\/06\\\/1000027909-200x300.jpg\",\"datePublished\":\"2022-04-22T19:45:57+00:00\",\"dateModified\":\"2025-06-06T13:31:19+00:00\",\"breadcrumb\":{\"@id\":\"https:\\\/\\\/gimnazija.skolabd.edu.ba\\\/index.php\\\/generacije\\\/#breadcrumb\"},\"inLanguage\":\"bs-BA\",\"potentialAction\":[{\"@type\":\"ReadAction\",\"target\":[\"https:\\\/\\\/gimnazija.skolabd.edu.ba\\\/index.php\\\/generacije\\\/\"]}]},{\"@type\":\"ImageObject\",\"inLanguage\":\"bs-BA\",\"@id\":\"https:\\\/\\\/gimnazija.skolabd.edu.ba\\\/index.php\\\/generacije\\\/#primaryimage\",\"url\":\"https:\\\/\\\/gimnazija.skolabd.edu.ba\\\/wp-content\\\/uploads\\\/2025\\\/06\\\/1000027909.jpg\",\"contentUrl\":\"https:\\\/\\\/gimnazija.skolabd.edu.ba\\\/wp-content\\\/uploads\\\/2025\\\/06\\\/1000027909.jpg\",\"width\":1080,\"height\":1623,\"caption\":\"Evoto\"},{\"@type\":\"BreadcrumbList\",\"@id\":\"https:\\\/\\\/gimnazija.skolabd.edu.ba\\\/index.php\\\/generacije\\\/#breadcrumb\",\"itemListElement\":[{\"@type\":\"ListItem\",\"position\":1,\"name\":\"Home\",\"item\":\"https:\\\/\\\/gimnazija.skolabd.edu.ba\\\/\"},{\"@type\":\"ListItem\",\"position\":2,\"name\":\"U\u010denici generacije\"}]},{\"@type\":\"WebSite\",\"@id\":\"https:\\\/\\\/gimnazija.skolabd.edu.ba\\\/#website\",\"url\":\"https:\\\/\\\/gimnazija.skolabd.edu.ba\\\/\",\"name\":\"JU GIMNAZIJA \\\"VASO PELAGI\u0106\\\" BR\u010cKO\",\"description\":\"\",\"publisher\":{\"@id\":\"https:\\\/\\\/gimnazija.skolabd.edu.ba\\\/#organization\"},\"potentialAction\":[{\"@type\":\"SearchAction\",\"target\":{\"@type\":\"EntryPoint\",\"urlTemplate\":\"https:\\\/\\\/gimnazija.skolabd.edu.ba\\\/?s={search_term_string}\"},\"query-input\":{\"@type\":\"PropertyValueSpecification\",\"valueRequired\":true,\"valueName\":\"search_term_string\"}}],\"inLanguage\":\"bs-BA\"},{\"@type\":\"Organization\",\"@id\":\"https:\\\/\\\/gimnazija.skolabd.edu.ba\\\/#organization\",\"name\":\"JU GIMNAZIJA \\\"VASO PELAGI\u0106\\\" BR\u010cKO\",\"url\":\"https:\\\/\\\/gimnazija.skolabd.edu.ba\\\/\",\"logo\":{\"@type\":\"ImageObject\",\"inLanguage\":\"bs-BA\",\"@id\":\"https:\\\/\\\/gimnazija.skolabd.edu.ba\\\/#\\\/schema\\\/logo\\\/image\\\/\",\"url\":\"https:\\\/\\\/gimnazija.skolabd.edu.ba\\\/wp-content\\\/uploads\\\/2023\\\/01\\\/cropped-logo-740x740-1.png\",\"contentUrl\":\"https:\\\/\\\/gimnazija.skolabd.edu.ba\\\/wp-content\\\/uploads\\\/2023\\\/01\\\/cropped-logo-740x740-1.png\",\"width\":240,\"height\":240,\"caption\":\"JU GIMNAZIJA \\\"VASO PELAGI\u0106\\\" BR\u010cKO\"},\"image\":{\"@id\":\"https:\\\/\\\/gimnazija.skolabd.edu.ba\\\/#\\\/schema\\\/logo\\\/image\\\/\"}}]}<\/script>\n<!-- \/ Yoast SEO plugin. -->","yoast_head_json":{"title":"U\u010denici generacije -","robots":{"index":"index","follow":"follow","max-snippet":"max-snippet:-1","max-image-preview":"max-image-preview:large","max-video-preview":"max-video-preview:-1"},"canonical":"https:\/\/gimnazija.skolabd.edu.ba\/index.php\/generacije\/","og_locale":"bs_BA","og_type":"article","og_title":"U\u010denici generacije -","og_description":"\u0421\u0442\u0435\u0444\u0430\u043d \u0412\u0443\u0458\u0438\u043d\u043e\u0432\u0438\u045b \u0458\u0435 \u0443\u0447\u0435\u043d\u0438\u043a \u0433\u0435\u043d\u0435\u0440\u0430\u0446\u0438\u0458\u0435 \u0437\u0430 \u0448\u043a\u043e\u043b\u0441\u043a\u0443 2024\/2025. \u0433\u043e\u0434\u0438\u043d\u0443. \u0414\u0440\u0430\u0436\u0435\u043d \u041f\u0435\u0442\u0440\u043e\u0432\u0438\u045b \u0458\u0435 \u0443\u0447\u0435\u043d\u0438\u043a \u0433\u0435\u043d\u0435\u0440\u0430\u0446\u0438\u0458\u0435 \u0437\u0430 \u0448\u043a\u043e\u043b\u0441\u043a\u0443 2023\/2024. \u0433\u043e\u0434\u0438\u043d\u0443. Amar Ribi\u0107 je u\u010denik generacije za \u0161kolsku 2022\/2023. godinu. Azra \u0160adi\u0107 je u\u010denica generacije za \u0161kolsku 2021\/2022. godinu. \u041c\u0438\u0445\u0430\u0435\u043b\u0430 \u0413\u0430\u0458\u0438\u045b je \u0443\u0447e\u043d\u0438\u0446a \u0433e\u043de\u0440a\u0446\u0438je \u0437\u0430 \u0448\u043a\u043e\u043b\u0441\u043a\u0443 2020\/2021. \u0433\u043e\u0434\u0438\u043d\u0443. \u041d\u0438\u043ao\u043b\u0438\u043da \u0421\u0442a\u043d\u0438\u0448\u0438\u045b je \u0443\u0447e\u043d\u0438\u0446a \u0433e\u043de\u0440a\u0446\u0438je \u0437\u0430 \u0448\u043a\u043e\u043b\u0441\u043a\u0443 2019\/2020. \u0433\u043e\u0434\u0438\u043d\u0443. Adisa [&hellip;]","og_url":"https:\/\/gimnazija.skolabd.edu.ba\/index.php\/generacije\/","article_modified_time":"2025-06-06T13:31:19+00:00","og_image":[{"width":1080,"height":1623,"url":"https:\/\/gimnazija.skolabd.edu.ba\/wp-content\/uploads\/2025\/06\/1000027909.jpg","type":"image\/jpeg"}],"twitter_card":"summary_large_image","schema":{"@context":"https:\/\/schema.org","@graph":[{"@type":"WebPage","@id":"https:\/\/gimnazija.skolabd.edu.ba\/index.php\/generacije\/","url":"https:\/\/gimnazija.skolabd.edu.ba\/index.php\/generacije\/","name":"U\u010denici generacije -","isPartOf":{"@id":"https:\/\/gimnazija.skolabd.edu.ba\/#website"},"primaryImageOfPage":{"@id":"https:\/\/gimnazija.skolabd.edu.ba\/index.php\/generacije\/#primaryimage"},"image":{"@id":"https:\/\/gimnazija.skolabd.edu.ba\/index.php\/generacije\/#primaryimage"},"thumbnailUrl":"https:\/\/gimnazija.skolabd.edu.ba\/wp-content\/uploads\/2025\/06\/1000027909-200x300.jpg","datePublished":"2022-04-22T19:45:57+00:00","dateModified":"2025-06-06T13:31:19+00:00","breadcrumb":{"@id":"https:\/\/gimnazija.skolabd.edu.ba\/index.php\/generacije\/#breadcrumb"},"inLanguage":"bs-BA","potentialAction":[{"@type":"ReadAction","target":["https:\/\/gimnazija.skolabd.edu.ba\/index.php\/generacije\/"]}]},{"@type":"ImageObject","inLanguage":"bs-BA","@id":"https:\/\/gimnazija.skolabd.edu.ba\/index.php\/generacije\/#primaryimage","url":"https:\/\/gimnazija.skolabd.edu.ba\/wp-content\/uploads\/2025\/06\/1000027909.jpg","contentUrl":"https:\/\/gimnazija.skolabd.edu.ba\/wp-content\/uploads\/2025\/06\/1000027909.jpg","width":1080,"height":1623,"caption":"Evoto"},{"@type":"BreadcrumbList","@id":"https:\/\/gimnazija.skolabd.edu.ba\/index.php\/generacije\/#breadcrumb","itemListElement":[{"@type":"ListItem","position":1,"name":"Home","item":"https:\/\/gimnazija.skolabd.edu.ba\/"},{"@type":"ListItem","position":2,"name":"U\u010denici generacije"}]},{"@type":"WebSite","@id":"https:\/\/gimnazija.skolabd.edu.ba\/#website","url":"https:\/\/gimnazija.skolabd.edu.ba\/","name":"JU GIMNAZIJA \"VASO PELAGI\u0106\" BR\u010cKO","description":"","publisher":{"@id":"https:\/\/gimnazija.skolabd.edu.ba\/#organization"},"potentialAction":[{"@type":"SearchAction","target":{"@type":"EntryPoint","urlTemplate":"https:\/\/gimnazija.skolabd.edu.ba\/?s={search_term_string}"},"query-input":{"@type":"PropertyValueSpecification","valueRequired":true,"valueName":"search_term_string"}}],"inLanguage":"bs-BA"},{"@type":"Organization","@id":"https:\/\/gimnazija.skolabd.edu.ba\/#organization","name":"JU GIMNAZIJA \"VASO PELAGI\u0106\" BR\u010cKO","url":"https:\/\/gimnazija.skolabd.edu.ba\/","logo":{"@type":"ImageObject","inLanguage":"bs-BA","@id":"https:\/\/gimnazija.skolabd.edu.ba\/#\/schema\/logo\/image\/","url":"https:\/\/gimnazija.skolabd.edu.ba\/wp-content\/uploads\/2023\/01\/cropped-logo-740x740-1.png","contentUrl":"https:\/\/gimnazija.skolabd.edu.ba\/wp-content\/uploads\/2023\/01\/cropped-logo-740x740-1.png","width":240,"height":240,"caption":"JU GIMNAZIJA \"VASO PELAGI\u0106\" BR\u010cKO"},"image":{"@id":"https:\/\/gimnazija.skolabd.edu.ba\/#\/schema\/logo\/image\/"}}]}},"_links":{"self":[{"href":"https:\/\/gimnazija.skolabd.edu.ba\/index.php\/wp-json\/wp\/v2\/pages\/40","targetHints":{"allow":["GET"]}}],"collection":[{"href":"https:\/\/gimnazija.skolabd.edu.ba\/index.php\/wp-json\/wp\/v2\/pages"}],"about":[{"href":"https:\/\/gimnazija.skolabd.edu.ba\/index.php\/wp-json\/wp\/v2\/types\/page"}],"author":[{"embeddable":true,"href":"https:\/\/gimnazija.skolabd.edu.ba\/index.php\/wp-json\/wp\/v2\/users\/1"}],"replies":[{"embeddable":true,"href":"https:\/\/gimnazija.skolabd.edu.ba\/index.php\/wp-json\/wp\/v2\/comments?post=40"}],"version-history":[{"count":8,"href":"https:\/\/gimnazija.skolabd.edu.ba\/index.php\/wp-json\/wp\/v2\/pages\/40\/revisions"}],"predecessor-version":[{"id":2728,"href":"https:\/\/gimnazija.skolabd.edu.ba\/index.php\/wp-json\/wp\/v2\/pages\/40\/revisions\/2728"}],"wp:attachment":[{"href":"https:\/\/gimnazija.skolabd.edu.ba\/index.php\/wp-json\/wp\/v2\/media?parent=40"}],"curies":[{"name":"wp","href":"https:\/\/api.w.org\/{rel}","templated":true}]}}