{"id":26,"date":"2021-09-08T09:40:31","date_gmt":"2021-09-08T09:40:31","guid":{"rendered":"http:\/\/gimnazija.skolabd.edu.ba\/?page_id=26"},"modified":"2025-03-26T10:55:32","modified_gmt":"2025-03-26T09:55:32","slug":"upis","status":"publish","type":"page","link":"https:\/\/gimnazija.skolabd.edu.ba\/index.php\/upis\/","title":{"rendered":"UPIS"},"content":{"rendered":"\n<p>JU Gimnazija \u201eVaso Pelagi\u0107\u201c Br\u010dko je \u010detverogodi\u0161nja srednja \u0161kola koja obrazuje u\u010denike u tri smjera, i to:<\/p>\n\n\n\n<ol class=\"wp-block-list\">\n<li>op\u0161ti\/op\u0107i smjer<\/li>\n\n\n\n<li>dru\u0161tveno-jezi\u010dki smjer<\/li>\n\n\n\n<li>ra\u010dunarsko-informati\u010dki smjer<\/li>\n<\/ol>\n\n\n\n<p><em><strong>Uslovi za upis su sljede\u0107i:<\/strong><\/em><\/p>\n\n\n\n<ul class=\"wp-block-list\">\n<li>NEMA PRIJEMNOG ISPITA<\/li>\n\n\n\n<li>Boduje se op\u0161ti\/op\u0107i uspjeh od VI do IX razreda<\/li>\n\n\n\n<li>Boduju se predmeti iz VIII i IX razreda, i to za:\n<ul class=\"wp-block-list\">\n<li>OP\u0160TI\/OP\u0106I SMJER\n<ul class=\"wp-block-list\">\n<li>Fizika<\/li>\n\n\n\n<li>Matematika<\/li>\n\n\n\n<li>Prvi strani jezik<\/li>\n\n\n\n<li>Maternji jezik<\/li>\n\n\n\n<li>Istorija\/Historija\/Povijest<\/li>\n<\/ul>\n<\/li>\n\n\n\n<li>DRU\u0160TVENO-JEZI\u010cKI SMJER\n<ul class=\"wp-block-list\">\n<li>Maternji jezik<\/li>\n\n\n\n<li>Prvi strani jezik<\/li>\n\n\n\n<li>Drugi strani jezik<\/li>\n\n\n\n<li>Matematika<\/li>\n\n\n\n<li>Istorija\/Historija\/Povijest<\/li>\n<\/ul>\n<\/li>\n\n\n\n<li>RA\u010cUNARSKO-INFORMATI\u010cKI SMJER\n<ul class=\"wp-block-list\">\n<li>Matematika<\/li>\n\n\n\n<li>Prvi strani jezik<\/li>\n\n\n\n<li>Maternji jezik<\/li>\n\n\n\n<li>Fizika<\/li>\n<\/ul>\n<\/li>\n<\/ul>\n<\/li>\n<\/ul>\n\n\n\n<p>&nbsp;<\/p>\n\n\n\n<p>U\u010denici imaju mogu\u0107nost poha\u0111anja naprednog njema\u010dkog jezika (DSD).<\/p>\n\n\n\n<p><br><strong><em>\u201eNjema\u010dka jezi\u010dka diploma\u201c (DSD I i DSD II) <\/em><\/strong><\/p>\n\n\n\n<ul class=\"wp-block-list\">\n<li>Napredni program izu\u010davanja njema\u010dkog jezika A2\/B1 i B2\/C1<\/li>\n\n\n\n<li>Pokrovitelj programa Ministarstvo kulture Savezne Republike Njema\u010dke<\/li>\n\n\n\n<li>Besplatni ud\u017ebenici i nastavni materijal<\/li>\n\n\n\n<li>Besplatan ispit u II i IV razredu<\/li>\n\n\n\n<li>Diploma koja pru\u017ea mogu\u0107nost studiranja i zapo\u0161ljavanja u zemljama njema\u010dkog govornog podru\u010dja<\/li>\n\n\n\n<li>U\u010denje usmjereno na razvoj komunikativnih sposobnosti u grupama od 14 u\u010denika<\/li>\n\n\n\n<li>Razmjena u\u010denika sa \u0161kolama njema\u010dkog govornog podru\u010dja<\/li>\n<\/ul>\n\n\n\n<div data-wp-interactive=\"core\/file\" class=\"wp-block-file\"><object data-wp-bind--hidden=\"!state.hasPdfPreview\" hidden class=\"wp-block-file__embed\" data=\"https:\/\/gimnazija.skolabd.edu.ba\/wp-content\/uploads\/2025\/03\/letak-2025.pdf\" type=\"application\/pdf\" style=\"width:100%;height:682px\" aria-label=\"Ugra\u0111ivanje letak 2025.\"><\/object><a id=\"wp-block-file--media-72989d50-0aee-4934-9d05-ae52a24c8d88\" href=\"https:\/\/gimnazija.skolabd.edu.ba\/wp-content\/uploads\/2025\/03\/letak-2025.pdf\">letak 2025<\/a><a href=\"https:\/\/gimnazija.skolabd.edu.ba\/wp-content\/uploads\/2025\/03\/letak-2025.pdf\" class=\"wp-block-file__button wp-element-button\" download aria-describedby=\"wp-block-file--media-72989d50-0aee-4934-9d05-ae52a24c8d88\">Preuzmi<\/a><\/div>\n\n\n\n<script type=\"text\/javascript\">\r\ndocument.addEventListener(\"DOMContentLoaded\", function(event) { \r\n\tjQuery( '#slider-pro-3-2268' ).sliderPro({\r\n\t\t\/\/width\r\n\t\t\t\twidth: \"100%\",\r\n\t\t\t\t\r\n\t\t\/\/height\r\n\t\t\t\tautoHeight: true,\r\n\t\t\t\t\r\n\t\t\/\/auto play\r\n\t\t\t\tautoplay:  true,\r\n\t\tautoplayOnHover: 'none',\r\n\t\t\t\t\t\t\t\tautoplayDelay: 5000,\r\n\t\t\r\n\t\t\r\n\t\tarrows: true,\r\n\t\tbuttons: true,\r\n\t\tsmallSize: 500,\r\n\t\tmediumSize: 1000,\r\n\t\tlargeSize: 3000,\r\n\t\tfade: true,\r\n\t\t\r\n\t\t\/\/thumbnail\r\n\t\tthumbnailArrows: true,\r\n\t\tthumbnailWidth: 60,\r\n\t\tthumbnailHeight: 60,\r\n\t\t\t\t\t\tthumbnailsPosition: 'bottom',\r\n\t\t\t\t\t\tcenterImage: true,\r\n\t\timageScaleMode: 'exact',\r\n\t\tallowScaleUp: true,\r\n\t\t\t\tstartSlide: 0,\r\n\t\tloop: true,\r\n\t\tslideDistance: 5,\r\n\t\tautoplayDirection: 'normal',\r\n\t\ttouchSwipe: true,\r\n\t\tfullScreen: true,\r\n\t});\r\n});\r\n<\/script>\r\n\r\n<div id=\"uris-slider-title\">\r\n\t<h3 class=\"uris-slider-post-title\"><\/h3>\r\n<\/div>\r\n\t\t<div id=\"slider-pro-3-2268\" class=\"slider-pro\">\r\n\t\t\t<!---- slides div start ---->\r\n\t\t\t<div class=\"sp-slides\">\r\n\t\t\t\t\t\t\t\t\t\t<div class=\"sp-slide\">\r\n\t\t\t\t\t\t\t<img decoding=\"async\" class=\"sp-image\" loading=\"lazy\" alt=\"bs\" src=\"https:\/\/gimnazija.skolabd.edu.ba\/wp-content\/plugins\/ultimate-responsive-image-slider\/assets\/css\/images\/blank.gif\" data-src=\"https:\/\/gimnazija.skolabd.edu.ba\/wp-content\/uploads\/2025\/03\/bs.jpg\" \/>\r\n\r\n\t\t\t\t\t\t\t\r\n\t\t\t\t\t\t\t\t\t\t\t\t\t<\/div>\r\n\t\t\t\t\t\t\t\t\t\t\t\t<div class=\"sp-slide\">\r\n\t\t\t\t\t\t\t<img decoding=\"async\" class=\"sp-image\" loading=\"lazy\" alt=\"srp\" src=\"https:\/\/gimnazija.skolabd.edu.ba\/wp-content\/plugins\/ultimate-responsive-image-slider\/assets\/css\/images\/blank.gif\" data-src=\"https:\/\/gimnazija.skolabd.edu.ba\/wp-content\/uploads\/2025\/03\/srp.jpg\" \/>\r\n\r\n\t\t\t\t\t\t\t\r\n\t\t\t\t\t\t\t\t\t\t\t\t\t<\/div>\r\n\t\t\t\t\t\t\t\t\t\t\t\t<div class=\"sp-slide\">\r\n\t\t\t\t\t\t\t<img decoding=\"async\" class=\"sp-image\" loading=\"lazy\" alt=\"hr\" src=\"https:\/\/gimnazija.skolabd.edu.ba\/wp-content\/plugins\/ultimate-responsive-image-slider\/assets\/css\/images\/blank.gif\" data-src=\"https:\/\/gimnazija.skolabd.edu.ba\/wp-content\/uploads\/2025\/03\/hr.jpg\" \/>\r\n\r\n\t\t\t\t\t\t\t\r\n\t\t\t\t\t\t\t\t\t\t\t\t\t<\/div>\r\n\t\t\t\t\t\t\t\t\t<\/div>\r\n\t\t\t\r\n\t\t\t<!---- slides div end ---->\r\n\t\t\t\t\t\t<!-- slides thumbnails div start -->\r\n\t\t\t<div class=\"sp-thumbnails\">\r\n\t\t\t\t\t\t\t\t\t\t<img decoding=\"async\" class=\"sp-thumbnail\" loading=\"lazy\" src=\"https:\/\/gimnazija.skolabd.edu.ba\/wp-content\/plugins\/ultimate-responsive-image-slider\/assets\/img\/loading.gif\" data-src=\"https:\/\/gimnazija.skolabd.edu.ba\/wp-content\/uploads\/2025\/03\/bs-212x300.jpg\" alt=\"bs\"\/>\r\n\t\t\t\t\t\t\t\t\t\t\t<img decoding=\"async\" class=\"sp-thumbnail\" loading=\"lazy\" src=\"https:\/\/gimnazija.skolabd.edu.ba\/wp-content\/plugins\/ultimate-responsive-image-slider\/assets\/img\/loading.gif\" data-src=\"https:\/\/gimnazija.skolabd.edu.ba\/wp-content\/uploads\/2025\/03\/srp-212x300.jpg\" alt=\"srp\"\/>\r\n\t\t\t\t\t\t\t\t\t\t\t<img decoding=\"async\" class=\"sp-thumbnail\" loading=\"lazy\" src=\"https:\/\/gimnazija.skolabd.edu.ba\/wp-content\/plugins\/ultimate-responsive-image-slider\/assets\/img\/loading.gif\" data-src=\"https:\/\/gimnazija.skolabd.edu.ba\/wp-content\/uploads\/2025\/03\/hr-212x300.jpg\" alt=\"hr\"\/>\r\n\t\t\t\t\t\t\t\t<\/div>\r\n\t\t\t\t\t\t<!-- slides thumbnails div end -->\r\n\t\t<\/div>\r\n\t\t<style>\r\n\/* Layout 3 *\/\r\n\/* border *\/\r\n#slider-pro-3-2268 .sp-selected-thumbnail {\r\n\tborder: 4px solid #000000;\r\n}\r\n\r\n\/* font + color *\/\r\n.title-in  {\r\n\tfont-family: Arial !important;\r\n\tcolor: #FFFFFF !important;\r\n\tbackground-color: #000000 !important;\r\n\topacity: 0.7 !important;\r\n}\r\n.desc-in  {\r\n\tfont-family: Arial !important;\r\n\tcolor: #FFFFFF !important;\r\n\tbackground-color: #00000 !important;\r\n\topacity: 0.7 !important;\r\n}\r\n\r\n\/* bullets color *\/\r\n.sp-button  {\r\n\tborder: 2px solid #000000 !important;\r\n}\r\n.sp-selected-button  {\r\n\tbackground-color: #000000 !important;\r\n}\r\n\r\n\/* pointer color - bottom *\/\r\n.sp-selected-thumbnail::before {\r\n\tborder-bottom: 5px solid #000000 !important;\r\n}\r\n.sp-selected-thumbnail::after {\r\n\tborder-bottom: 13px solid #000000 !important;\r\n}\r\n\r\n\/* pointer color - top *\/\r\n\r\n\/* full screen icon *\/\r\n.sp-full-screen-button::before {\r\n    color: #FFFFFF !important;\r\n}\r\n\r\n\/* hover navigation icon color *\/\r\n.sp-next-arrow::after, .sp-next-arrow::before {\r\n\tbackground-color: #FFFFFF !important;\r\n}\r\n.sp-previous-arrow::after, .sp-previous-arrow::before {\r\n\tbackground-color: #FFFFFF !important;\r\n}\r\n\r\n#slider-pro-3-2268 .title-in {\r\n\tcolor: #FFFFFF !important;\r\n\tfont-weight: bolder;\r\n\ttext-align: center;\r\n}\r\n\r\n#slider-pro-3-2268 .title-in-bg {\r\n\tbackground: rgba(255, 255, 255, 0.7); !important;\r\n\twhite-space: unset !important;\r\n\ttransform: initial !important;\r\n\t-webkit-transform: initial !important;\r\n\tfont-size: 14px !important;\r\n}\r\n\r\n#slider-pro-3-2268 .desc-in {\r\n\tcolor: #FFFFFF !important;\r\n\ttext-align: center;\r\n}\r\n#slider-pro-3-2268 .desc-in-bg {\r\n\tbackground: rgba(#00000, 0.7) !important;\r\n\twhite-space: unset !important;\r\n\ttransform: initial !important;\r\n\t-webkit-transform: initial !important;\r\n\tfont-size: 13px !important;\r\n}\r\n\r\n@media (max-width: 640px) {\r\n\t#slider-pro-3-2268 .hide-small-screen {\r\n\t\tdisplay: none;\r\n\t}\r\n}\r\n\r\n@media (max-width: 860px) {\r\n\t#slider-pro-3-2268 .sp-layer {\r\n\t\tfont-size: 18px;\r\n\t}\r\n\t\r\n\t#slider-pro-3-2268 .hide-medium-screen {\r\n\t\tdisplay: none;\r\n\t}\r\n}\r\n.slides-not-found {\r\n\tbackground-color: #a92929;\r\n\tborder-radius: 5px;\r\n\tcolor: #fff;\r\n\tfont-family: initial;\r\n\ttext-align: center;\r\n\tpadding:12px;\r\n}\r\n\/* Custom CSS *\/\r\n<\/style>\r\n\n","protected":false},"excerpt":{"rendered":"<p>JU Gimnazija \u201eVaso Pelagi\u0107\u201c Br\u010dko je \u010detverogodi\u0161nja srednja \u0161kola koja obrazuje u\u010denike u tri smjera, i to: Uslovi za upis su sljede\u0107i: &nbsp; U\u010denici imaju mogu\u0107nost poha\u0111anja naprednog njema\u010dkog jezika (DSD). \u201eNjema\u010dka jezi\u010dka diploma\u201c (DSD I i DSD II)<\/p>\n","protected":false},"author":1,"featured_media":0,"parent":0,"menu_order":0,"comment_status":"closed","ping_status":"closed","template":"","meta":{"_regular_price":[],"currency_symbol":[],"footnotes":""},"class_list":["post-26","page","type-page","status-publish","hentry"],"post_slider_layout_featured_media_urls":{"thumbnail":"","post_slider_layout_landscape_large":"","post_slider_layout_portrait_large":"","post_slider_layout_square_large":"","post_slider_layout_landscape":"","post_slider_layout_portrait":"","post_slider_layout_square":"","full":""},"_links":{"self":[{"href":"https:\/\/gimnazija.skolabd.edu.ba\/index.php\/wp-json\/wp\/v2\/pages\/26","targetHints":{"allow":["GET"]}}],"collection":[{"href":"https:\/\/gimnazija.skolabd.edu.ba\/index.php\/wp-json\/wp\/v2\/pages"}],"about":[{"href":"https:\/\/gimnazija.skolabd.edu.ba\/index.php\/wp-json\/wp\/v2\/types\/page"}],"author":[{"embeddable":true,"href":"https:\/\/gimnazija.skolabd.edu.ba\/index.php\/wp-json\/wp\/v2\/users\/1"}],"replies":[{"embeddable":true,"href":"https:\/\/gimnazija.skolabd.edu.ba\/index.php\/wp-json\/wp\/v2\/comments?post=26"}],"version-history":[{"count":8,"href":"https:\/\/gimnazija.skolabd.edu.ba\/index.php\/wp-json\/wp\/v2\/pages\/26\/revisions"}],"predecessor-version":[{"id":2651,"href":"https:\/\/gimnazija.skolabd.edu.ba\/index.php\/wp-json\/wp\/v2\/pages\/26\/revisions\/2651"}],"wp:attachment":[{"href":"https:\/\/gimnazija.skolabd.edu.ba\/index.php\/wp-json\/wp\/v2\/media?parent=26"}],"curies":[{"name":"wp","href":"https:\/\/api.w.org\/{rel}","templated":true}]}}