{"id":1529,"date":"2023-05-16T05:47:09","date_gmt":"2023-05-16T05:47:09","guid":{"rendered":"https:\/\/gimnazija.skolabd.edu.ba\/?page_id=1529"},"modified":"2025-10-28T10:08:48","modified_gmt":"2025-10-28T09:08:48","slug":"siguran-ucenik-hr","status":"publish","type":"page","link":"https:\/\/gimnazija.skolabd.edu.ba\/index.php\/siguran-ucenik-hr\/","title":{"rendered":"Hrvatski"},"content":{"rendered":"\n<p><em>Web prijava svih oblika nasilja me\u0111u u\u010denicima i nad u\u010denicima!<\/em><\/p>\n\n\n\n<p><\/p>\n\n\n\n<p><em>Po\u0161tovani u\u010denici i roditelji,<\/em><\/p>\n\n\n\n<p>u cilju prevencije nasilja i pru\u017eanja sistemske podr\u0161ke u\u010denicima nad kojima je po\u010dinjeno nasilje te u\u010denicima koji su po\u010dinili nasilje, na web stranici \u0161kole kreirali smo anonimnu prijavu za sve oblike nasilja pod nazivom&nbsp;<em>Siguran u\u010denik<\/em>.<\/p>\n\n\n\n<p><em>Kako definiramo nasilje?<\/em><\/p>\n\n\n\n<p>Nasiljem me\u0111u u\u010denicima smatra se svako namjerno fizi\u010dko ili psihi\u010dko nasilno pona\u0161anje usmjereno prema u\u010denicima od strane njihovih vr\u0161njaka u\u010dinjeno sa ciljem povrje\u0111ivanja, a koje se neovisno o mjestu izvr\u0161enja mo\u017ee razlikovati po obliku, te\u017eini, intenzitetu i vremenskom trajanju te koje uklju\u010duje ponavljanje istog obrasca i odr\u017eava neravnopravan odnos snaga: ja\u010di protiv slabijih ili grupa protiv pojedinca.<\/p>\n\n\n\n<p><em>Oblici nasilja me\u0111u djecom\/mladima i nad djecom\/mladima<\/em><\/p>\n\n\n\n<p><strong>Nasiljem me\u0111u u\u010denicima smatra se:<\/strong><\/p>\n\n\n\n<ul class=\"wp-block-list\">\n<li><strong>Fizi\u010dko nasilje koje predstavlja namjerno uzrokovani fizi\u010dki napad&nbsp;<\/strong>u bilo kojem obliku kao na primjer: udaranje, guranje, ga\u0111anje, \u0161amaranje, \u010dupanje, zaklju\u010davanje, napad razli\u010ditim predmetima, pljuvanje i sli\u010dno, bez obzira nastupa li kod napadnutog u\u010denika fizi\u010dka ozljeda ili ne;<\/li>\n\n\n\n<li><strong>Psihi\u010dko i emocionalno nasilje&nbsp;<\/strong>prouzrokovano ponavljanim ili trajnim negativnim postupcima od strane jednog u\u010denika ili vi\u0161e u\u010denika. Negativni postupci su: ogovaranje, nazivanje pogrdnim imenima, ismijavanje, zastra\u0161ivanje, izrugivanje, namjerno ignoriranje i isklju\u010divanje iz grupe kojoj pripada ili isklju\u010divanje i zabranjivanje sudjelovanja u razli\u010ditim aktivnostima sa ciljem nano\u0161enja patnje ili bola, \u0161irenje glasina sa ciljem izolacije u\u010denika od ostalih u\u010denika, oduzimanje stvari, poni\u017eavanje, nare\u0111ivanje ili zahtijevanje poslu\u0161nosti ili na drugi na\u010din dovo\u0111enje u\u010denika u podre\u0111en polo\u017eaj, kao i sva druga pona\u0161anja po\u010dinjena od u\u010denika, kojima se drugom u\u010deniku namjerno nanosi fizi\u010dka i du\u0161evna bol ili sramota.<\/li>\n\n\n\n<li><strong>Ekonomsko nasilje<\/strong>&nbsp;koje uklju\u010duje kra\u0111u i iznu\u0111ivanje novca.<\/li>\n\n\n\n<li><strong>Kulturolo\u0161ko nasilje&nbsp;<\/strong>koje podrazumijeva vrije\u0111anje na nacionalnoj,vjerskoj i rasnoj osnovi.<\/li>\n\n\n\n<li><strong>Seksualno nasilje<\/strong>&nbsp;podrazumjeva svaki vid verbalnog, neverbalnog ili fizi\u010dkog kontakta sa seksualnim sadr\u017eajem, sa ciljem uznemiravanja i namjernog nano\u0161enja fizi\u010dke ili du\u0161evne boli i sramote u\u010deniku.<\/li>\n\n\n\n<li><strong>Nasilje putem zloupotrebe informacijsko-komunikacijskih tehnologija<\/strong>&nbsp;se odnosi na vrije\u0111anje, uznemiravanje, slanje prijete\u0107ih i uvrijedljivih poruka, la\u017eno predstavljanje, podsticanje na mr\u017enju i nasilje, navo\u0111enje \u017ertve da iznosi osobne podatke, otkrivanje obiteljskih prilika, snimanje i nedopu\u0161teno objavljivanje sadr\u017eaja na dru\u0161tvenim mre\u017eama. Ono \u0161to ga razlikuje od drugih vrsta nasilja je \u010dinjenica da u\u010denici mogu biti izlo\u017eeni i tamo gdje su do sada bili potpuno sigurni i da ono mo\u017ee trajati 24 sata svakog dana u tjednu i da nepoznati po\u010dinitelj kod u\u010denika stvara strah i nesigurnost.<\/li>\n<\/ul>\n\n\n\n<p><em>Ne ustru\u010davaj se prijaviti zlostavljanje!<\/em><\/p>\n\n\n\n<ul class=\"wp-block-list\">\n<li>Nemoj misliti da se to doga\u0111a samo tebi \u2013 doga\u0111a se mnogima i na svim mogu\u0107im mjestima!<\/li>\n\n\n\n<li>Nemoj misliti da to zaslu\u017euje\u0161 iz nekog razloga, ne mora\u0161 osje\u0107ati sram \u2013 nasilnici su ti koji imaju problem!<\/li>\n\n\n\n<li>Potra\u017ei pomo\u0107 \u2013 ne suo\u010davaj se sam\/sama s ovim problemom!<\/li>\n\n\n\n<li>Ne srami se tra\u017eiti pomo\u0107!<\/li>\n\n\n\n<li>Obvezno o nasilju informiraj roditelje\/staratelja ili nekog u \u0161koli, a oni \u0107e znati \u0161to poduzeti!<\/li>\n<\/ul>\n\n\n\n<p>Sve va\u0161e prijave zaprimljene putem ove poveznice bit \u0107e dostupne&nbsp;suradnicima stru\u010dne slu\u017ebe \u0161kole&nbsp;(pedagog i socijalni radnik).<\/p>\n\n\n\n<p>Prijavu napraviti u polje na dnu.<\/p>\n\n\n\n<div class=\"wpcf7 no-js\" id=\"wpcf7-f1487-o1\" lang=\"en-US\" dir=\"ltr\" data-wpcf7-id=\"1487\">\n<div class=\"screen-reader-response\"><p role=\"status\" aria-live=\"polite\" aria-atomic=\"true\"><\/p> <ul><\/ul><\/div>\n<form action=\"\/index.php\/wp-json\/wp\/v2\/pages\/1529#wpcf7-f1487-o1\" method=\"post\" class=\"wpcf7-form init\" aria-label=\"Contact form\" novalidate=\"novalidate\" data-status=\"init\">\n<fieldset class=\"hidden-fields-container\"><input type=\"hidden\" name=\"_wpcf7\" value=\"1487\" \/><input type=\"hidden\" name=\"_wpcf7_version\" value=\"6.1.5\" \/><input type=\"hidden\" name=\"_wpcf7_locale\" value=\"en_US\" \/><input type=\"hidden\" name=\"_wpcf7_unit_tag\" value=\"wpcf7-f1487-o1\" \/><input type=\"hidden\" name=\"_wpcf7_container_post\" value=\"0\" \/><input type=\"hidden\" name=\"_wpcf7_posted_data_hash\" value=\"\" \/>\n<\/fieldset>\n<p><label> Naslov<br \/>\n<span class=\"wpcf7-form-control-wrap\" data-name=\"your-subject\"><input size=\"40\" maxlength=\"400\" class=\"wpcf7-form-control wpcf7-text\" aria-invalid=\"false\" value=\"\" type=\"text\" name=\"your-subject\" \/><\/span> <\/label>\n<\/p>\n<p><label> Poruka<br \/>\n<span class=\"wpcf7-form-control-wrap\" data-name=\"your-message\"><textarea cols=\"40\" rows=\"10\" maxlength=\"2000\" class=\"wpcf7-form-control wpcf7-textarea\" aria-invalid=\"false\" name=\"your-message\"><\/textarea><\/span> <\/label>\n<\/p>\n<p><input class=\"wpcf7-form-control wpcf7-submit has-spinner\" type=\"submit\" value=\"Po\u0161alji\" \/>\n<\/p><div class=\"wpcf7-response-output\" aria-hidden=\"true\"><\/div>\n<\/form>\n<\/div>\n\n","protected":false},"excerpt":{"rendered":"<p>Web prijava svih oblika nasilja me\u0111u u\u010denicima i nad u\u010denicima! Po\u0161tovani u\u010denici i roditelji, u cilju prevencije nasilja i pru\u017eanja sistemske podr\u0161ke u\u010denicima nad kojima je po\u010dinjeno nasilje te u\u010denicima koji su po\u010dinili nasilje, na web stranici \u0161kole kreirali smo anonimnu prijavu za sve oblike nasilja pod nazivom&nbsp;Siguran u\u010denik. Kako definiramo nasilje? Nasiljem me\u0111u u\u010denicima [&hellip;]<\/p>\n","protected":false},"author":2,"featured_media":0,"parent":0,"menu_order":0,"comment_status":"closed","ping_status":"closed","template":"","meta":{"_regular_price":[],"currency_symbol":[],"footnotes":""},"class_list":["post-1529","page","type-page","status-publish","hentry"],"post_slider_layout_featured_media_urls":{"thumbnail":"","post_slider_layout_landscape_large":"","post_slider_layout_portrait_large":"","post_slider_layout_square_large":"","post_slider_layout_landscape":"","post_slider_layout_portrait":"","post_slider_layout_square":"","full":""},"_links":{"self":[{"href":"https:\/\/gimnazija.skolabd.edu.ba\/index.php\/wp-json\/wp\/v2\/pages\/1529","targetHints":{"allow":["GET"]}}],"collection":[{"href":"https:\/\/gimnazija.skolabd.edu.ba\/index.php\/wp-json\/wp\/v2\/pages"}],"about":[{"href":"https:\/\/gimnazija.skolabd.edu.ba\/index.php\/wp-json\/wp\/v2\/types\/page"}],"author":[{"embeddable":true,"href":"https:\/\/gimnazija.skolabd.edu.ba\/index.php\/wp-json\/wp\/v2\/users\/2"}],"replies":[{"embeddable":true,"href":"https:\/\/gimnazija.skolabd.edu.ba\/index.php\/wp-json\/wp\/v2\/comments?post=1529"}],"version-history":[{"count":10,"href":"https:\/\/gimnazija.skolabd.edu.ba\/index.php\/wp-json\/wp\/v2\/pages\/1529\/revisions"}],"predecessor-version":[{"id":2797,"href":"https:\/\/gimnazija.skolabd.edu.ba\/index.php\/wp-json\/wp\/v2\/pages\/1529\/revisions\/2797"}],"wp:attachment":[{"href":"https:\/\/gimnazija.skolabd.edu.ba\/index.php\/wp-json\/wp\/v2\/media?parent=1529"}],"curies":[{"name":"wp","href":"https:\/\/api.w.org\/{rel}","templated":true}]}}