{"id":1350,"date":"2023-03-29T05:19:34","date_gmt":"2023-03-29T05:19:34","guid":{"rendered":"https:\/\/gimnazija.skolabd.edu.ba\/?page_id=1350"},"modified":"2025-03-20T09:13:25","modified_gmt":"2025-03-20T08:13:25","slug":"npp","status":"publish","type":"page","link":"https:\/\/gimnazija.skolabd.edu.ba\/index.php\/o-nama\/npp\/","title":{"rendered":"NPP"},"content":{"rendered":"\n<figure class=\"wp-block-pullquote\"><blockquote><p><strong>NPP za dru\u0161tveno jezi\u010dki\/jezi\u010dni smjer<\/strong><\/p><\/blockquote><\/figure>\n\n\n\n<figure class=\"wp-block-gallery has-nested-images columns-default is-cropped wp-block-gallery-1 is-layout-flex wp-block-gallery-is-layout-flex\">\n<figure class=\"wp-block-image size-large\"><a href=\"https:\/\/gimnazija.skolabd.edu.ba\/wp-content\/uploads\/2023\/03\/NPP-za-smjer-drustveno-jezicki-na-bosanskom-1-scaled.jpg\"><img loading=\"lazy\" decoding=\"async\" width=\"719\" height=\"1024\" data-id=\"1360\" src=\"https:\/\/gimnazija.skolabd.edu.ba\/wp-content\/uploads\/2023\/03\/NPP-za-smjer-drustveno-jezicki-na-bosanskom-1-719x1024.jpg\" alt=\"\" class=\"wp-image-1360\" srcset=\"https:\/\/gimnazija.skolabd.edu.ba\/wp-content\/uploads\/2023\/03\/NPP-za-smjer-drustveno-jezicki-na-bosanskom-1-719x1024.jpg 719w, https:\/\/gimnazija.skolabd.edu.ba\/wp-content\/uploads\/2023\/03\/NPP-za-smjer-drustveno-jezicki-na-bosanskom-1-scaled-600x855.jpg 600w, https:\/\/gimnazija.skolabd.edu.ba\/wp-content\/uploads\/2023\/03\/NPP-za-smjer-drustveno-jezicki-na-bosanskom-1-211x300.jpg 211w, https:\/\/gimnazija.skolabd.edu.ba\/wp-content\/uploads\/2023\/03\/NPP-za-smjer-drustveno-jezicki-na-bosanskom-1-768x1094.jpg 768w, https:\/\/gimnazija.skolabd.edu.ba\/wp-content\/uploads\/2023\/03\/NPP-za-smjer-drustveno-jezicki-na-bosanskom-1-1078x1536.jpg 1078w, https:\/\/gimnazija.skolabd.edu.ba\/wp-content\/uploads\/2023\/03\/NPP-za-smjer-drustveno-jezicki-na-bosanskom-1-1438x2048.jpg 1438w, https:\/\/gimnazija.skolabd.edu.ba\/wp-content\/uploads\/2023\/03\/NPP-za-smjer-drustveno-jezicki-na-bosanskom-1-scaled.jpg 1797w\" sizes=\"auto, (max-width: 719px) 100vw, 719px\" \/><\/a><figcaption class=\"wp-element-caption\"><strong>Dru\u0161tveno jezi\u010dki smjer-B<\/strong><\/figcaption><\/figure>\n\n\n\n<figure class=\"wp-block-image size-large\"><a href=\"https:\/\/gimnazija.skolabd.edu.ba\/wp-content\/uploads\/2023\/03\/NPP-za-smjer-drustveno-jezicki-na-srpskom-1-scaled.jpg\"><img loading=\"lazy\" decoding=\"async\" width=\"719\" height=\"1024\" data-id=\"1359\" src=\"https:\/\/gimnazija.skolabd.edu.ba\/wp-content\/uploads\/2023\/03\/NPP-za-smjer-drustveno-jezicki-na-srpskom-1-719x1024.jpg\" alt=\"\" class=\"wp-image-1359\" srcset=\"https:\/\/gimnazija.skolabd.edu.ba\/wp-content\/uploads\/2023\/03\/NPP-za-smjer-drustveno-jezicki-na-srpskom-1-719x1024.jpg 719w, https:\/\/gimnazija.skolabd.edu.ba\/wp-content\/uploads\/2023\/03\/NPP-za-smjer-drustveno-jezicki-na-srpskom-1-scaled-600x855.jpg 600w, https:\/\/gimnazija.skolabd.edu.ba\/wp-content\/uploads\/2023\/03\/NPP-za-smjer-drustveno-jezicki-na-srpskom-1-211x300.jpg 211w, https:\/\/gimnazija.skolabd.edu.ba\/wp-content\/uploads\/2023\/03\/NPP-za-smjer-drustveno-jezicki-na-srpskom-1-768x1094.jpg 768w, https:\/\/gimnazija.skolabd.edu.ba\/wp-content\/uploads\/2023\/03\/NPP-za-smjer-drustveno-jezicki-na-srpskom-1-1078x1536.jpg 1078w, https:\/\/gimnazija.skolabd.edu.ba\/wp-content\/uploads\/2023\/03\/NPP-za-smjer-drustveno-jezicki-na-srpskom-1-1438x2048.jpg 1438w, https:\/\/gimnazija.skolabd.edu.ba\/wp-content\/uploads\/2023\/03\/NPP-za-smjer-drustveno-jezicki-na-srpskom-1-scaled.jpg 1797w\" sizes=\"auto, (max-width: 719px) 100vw, 719px\" \/><\/a><figcaption class=\"wp-element-caption\"><strong>Dru\u0161tveno jezi\u010dki smjer-S<\/strong><\/figcaption><\/figure>\n\n\n\n<figure class=\"wp-block-image size-large\"><a href=\"https:\/\/gimnazija.skolabd.edu.ba\/wp-content\/uploads\/2023\/03\/NPP-za-smjer-drustveno-jezicni-na-hrvatskom-1-scaled.jpg\"><img loading=\"lazy\" decoding=\"async\" width=\"719\" height=\"1024\" data-id=\"1358\" src=\"https:\/\/gimnazija.skolabd.edu.ba\/wp-content\/uploads\/2023\/03\/NPP-za-smjer-drustveno-jezicni-na-hrvatskom-1-719x1024.jpg\" alt=\"\" class=\"wp-image-1358\" srcset=\"https:\/\/gimnazija.skolabd.edu.ba\/wp-content\/uploads\/2023\/03\/NPP-za-smjer-drustveno-jezicni-na-hrvatskom-1-719x1024.jpg 719w, https:\/\/gimnazija.skolabd.edu.ba\/wp-content\/uploads\/2023\/03\/NPP-za-smjer-drustveno-jezicni-na-hrvatskom-1-scaled-600x855.jpg 600w, https:\/\/gimnazija.skolabd.edu.ba\/wp-content\/uploads\/2023\/03\/NPP-za-smjer-drustveno-jezicni-na-hrvatskom-1-211x300.jpg 211w, https:\/\/gimnazija.skolabd.edu.ba\/wp-content\/uploads\/2023\/03\/NPP-za-smjer-drustveno-jezicni-na-hrvatskom-1-768x1094.jpg 768w, https:\/\/gimnazija.skolabd.edu.ba\/wp-content\/uploads\/2023\/03\/NPP-za-smjer-drustveno-jezicni-na-hrvatskom-1-1078x1536.jpg 1078w, https:\/\/gimnazija.skolabd.edu.ba\/wp-content\/uploads\/2023\/03\/NPP-za-smjer-drustveno-jezicni-na-hrvatskom-1-1438x2048.jpg 1438w, https:\/\/gimnazija.skolabd.edu.ba\/wp-content\/uploads\/2023\/03\/NPP-za-smjer-drustveno-jezicni-na-hrvatskom-1-scaled.jpg 1797w\" sizes=\"auto, (max-width: 719px) 100vw, 719px\" \/><\/a><figcaption class=\"wp-element-caption\"><strong>Dru\u0161tveno jezi\u010dki smjer-H<\/strong><\/figcaption><\/figure>\n<\/figure>\n\n\n\n<p><\/p>\n\n\n\n<figure class=\"wp-block-pullquote\"><blockquote><p><strong>NPP za op\u0161ti\/op\u0107i smjer<\/strong> <strong>od 1.razreda \u0161kolske 2021-2022. godine<\/strong><\/p><\/blockquote><\/figure>\n\n\n\n<div class=\"wp-block-file\"><a id=\"wp-block-file--media-396e8cf3-18b8-48a4-98e4-902f80a3d29d\" href=\"https:\/\/gimnazija.skolabd.edu.ba\/wp-content\/uploads\/2023\/03\/Odluka-o-donosenju-revidiranog-NPP-a-za-opci-smjer-bosanski-jezik.pdf\">Odluka o donosenju revidiranog NPP-a za op\u0107i smjer-B<\/a><a href=\"https:\/\/gimnazija.skolabd.edu.ba\/wp-content\/uploads\/2023\/03\/Odluka-o-donosenju-revidiranog-NPP-a-za-opci-smjer-bosanski-jezik.pdf\" class=\"wp-block-file__button wp-element-button\" download aria-describedby=\"wp-block-file--media-396e8cf3-18b8-48a4-98e4-902f80a3d29d\">Preuzmi<\/a><\/div>\n\n\n\n<div class=\"wp-block-file\"><a id=\"wp-block-file--media-a560eea5-2383-4d13-b4a3-c8ef1f2cdbc3\" href=\"https:\/\/gimnazija.skolabd.edu.ba\/wp-content\/uploads\/2023\/03\/Odluka-o-donosenju-revidiranog-NPP-a-za-opci-smjer-srpski-jezik.pdf\">Odluka o donosenju revidiranog NPP-a za-op\u0161ti smjer &#8211; S<\/a><a href=\"https:\/\/gimnazija.skolabd.edu.ba\/wp-content\/uploads\/2023\/03\/Odluka-o-donosenju-revidiranog-NPP-a-za-opci-smjer-srpski-jezik.pdf\" class=\"wp-block-file__button wp-element-button\" download aria-describedby=\"wp-block-file--media-a560eea5-2383-4d13-b4a3-c8ef1f2cdbc3\">Preuzmi<\/a><\/div>\n\n\n\n<div class=\"wp-block-file\"><a id=\"wp-block-file--media-647737a7-48a1-4149-ae5c-5c0665ea7a7b\" href=\"https:\/\/gimnazija.skolabd.edu.ba\/wp-content\/uploads\/2023\/03\/Odluka-o-donosenju-revidiranog-NPP-a-za-opci-smjer-hrvatski-jezik.pdf\">Odluka o donosenju revidiranog NPP-a za op\u0107i smjer-H<\/a><a href=\"https:\/\/gimnazija.skolabd.edu.ba\/wp-content\/uploads\/2023\/03\/Odluka-o-donosenju-revidiranog-NPP-a-za-opci-smjer-hrvatski-jezik.pdf\" class=\"wp-block-file__button wp-element-button\" download aria-describedby=\"wp-block-file--media-647737a7-48a1-4149-ae5c-5c0665ea7a7b\">Preuzmi<\/a><\/div>\n\n\n\n<div class=\"wp-block-file\"><a id=\"wp-block-file--media-7f2e0ec4-28a0-4127-b7b5-c65c67fce605\" href=\"https:\/\/gimnazija.skolabd.edu.ba\/wp-content\/uploads\/2023\/03\/Prvi_dio_NPP_opsti_smjer_1_4_srpski_jezik.pdf\">Op\u0161ti smjer &#8211; S<\/a><a href=\"https:\/\/gimnazija.skolabd.edu.ba\/wp-content\/uploads\/2023\/03\/Prvi_dio_NPP_opsti_smjer_1_4_srpski_jezik.pdf\" class=\"wp-block-file__button wp-element-button\" download aria-describedby=\"wp-block-file--media-7f2e0ec4-28a0-4127-b7b5-c65c67fce605\">Preuzmi<\/a><\/div>\n\n\n\n<div class=\"wp-block-file\"><a id=\"wp-block-file--media-91c7cb3b-2b12-4f29-a814-4ecbf55211a4\" href=\"https:\/\/gimnazija.skolabd.edu.ba\/wp-content\/uploads\/2023\/03\/Prvi_dio_NPP_opci_smjer_1_4_hrvatski_jezik.pdf\">Op\u0107i smjer &#8211; H<\/a><a href=\"https:\/\/gimnazija.skolabd.edu.ba\/wp-content\/uploads\/2023\/03\/Prvi_dio_NPP_opci_smjer_1_4_hrvatski_jezik.pdf\" class=\"wp-block-file__button wp-element-button\" download aria-describedby=\"wp-block-file--media-91c7cb3b-2b12-4f29-a814-4ecbf55211a4\">Preuzmi<\/a><\/div>\n\n\n\n<div class=\"wp-block-file\"><a id=\"wp-block-file--media-4114e69b-4e83-4575-9c1e-4da787cf4ba8\" href=\"https:\/\/gimnazija.skolabd.edu.ba\/wp-content\/uploads\/2023\/03\/Prvi_dio_NPP_opci_smjer_1_4_bosanski_jezik.pdf\">Op\u0107i smjer &#8211; B<\/a><a href=\"https:\/\/gimnazija.skolabd.edu.ba\/wp-content\/uploads\/2023\/03\/Prvi_dio_NPP_opci_smjer_1_4_bosanski_jezik.pdf\" class=\"wp-block-file__button wp-element-button\" download aria-describedby=\"wp-block-file--media-4114e69b-4e83-4575-9c1e-4da787cf4ba8\">Preuzmi<\/a><\/div>\n\n\n\n<div class=\"wp-block-file\"><a id=\"wp-block-file--media-eca2eb99-d4a1-4f0c-ac60-e3ec11bd2d83\" href=\"https:\/\/gimnazija.skolabd.edu.ba\/wp-content\/uploads\/2023\/03\/Drugi_dio_izborni_opci_smjer_4_bosanski_jezik-1.pdf\">Izborni predmet op\u0107i smjer &#8211; B<\/a><a href=\"https:\/\/gimnazija.skolabd.edu.ba\/wp-content\/uploads\/2023\/03\/Drugi_dio_izborni_opci_smjer_4_bosanski_jezik-1.pdf\" class=\"wp-block-file__button wp-element-button\" download aria-describedby=\"wp-block-file--media-eca2eb99-d4a1-4f0c-ac60-e3ec11bd2d83\">Preuzmi<\/a><\/div>\n\n\n\n<div class=\"wp-block-file\"><a id=\"wp-block-file--media-52d79564-9d11-4c11-b7b4-bc01de87936e\" href=\"https:\/\/gimnazija.skolabd.edu.ba\/wp-content\/uploads\/2023\/03\/Drugi_dio_izborni_opsti_smjer_4_srpski_jezik-1.pdf\">Izborni predmet_op\u0107i_smjer &#8211;  S<\/a><a href=\"https:\/\/gimnazija.skolabd.edu.ba\/wp-content\/uploads\/2023\/03\/Drugi_dio_izborni_opsti_smjer_4_srpski_jezik-1.pdf\" class=\"wp-block-file__button wp-element-button\" download aria-describedby=\"wp-block-file--media-52d79564-9d11-4c11-b7b4-bc01de87936e\">Preuzmi<\/a><\/div>\n\n\n\n<div class=\"wp-block-file\"><a id=\"wp-block-file--media-612ff5eb-31e9-4308-a66f-7d1120eaf9ff\" href=\"https:\/\/gimnazija.skolabd.edu.ba\/wp-content\/uploads\/2023\/03\/Drugi_dio_izborni_opci_smjer_4_hrvatski_jezik-1.pdf\">Izborni predmet_op\u0107i_smjer &#8211; H<\/a><a href=\"https:\/\/gimnazija.skolabd.edu.ba\/wp-content\/uploads\/2023\/03\/Drugi_dio_izborni_opci_smjer_4_hrvatski_jezik-1.pdf\" class=\"wp-block-file__button wp-element-button\" download aria-describedby=\"wp-block-file--media-612ff5eb-31e9-4308-a66f-7d1120eaf9ff\">Preuzmi<\/a><\/div>\n\n\n\n<p><\/p>\n\n\n\n<figure class=\"wp-block-pullquote\"><blockquote><p><strong>NPP za op\u0161ti\/op\u0107i smjer<\/strong> <strong>od 2.razreda \u0161kolske 2021-2022. godine<\/strong><\/p><\/blockquote><\/figure>\n\n\n\n<figure class=\"wp-block-gallery has-nested-images columns-default is-cropped wp-block-gallery-2 is-layout-flex wp-block-gallery-is-layout-flex\">\n<figure class=\"wp-block-image size-large\"><a href=\"https:\/\/gimnazija.skolabd.edu.ba\/wp-content\/uploads\/2023\/03\/NPP-za-smjer-opci-na-bosanskom-scaled.jpg\"><img loading=\"lazy\" decoding=\"async\" width=\"719\" height=\"1024\" data-id=\"1399\" src=\"https:\/\/gimnazija.skolabd.edu.ba\/wp-content\/uploads\/2023\/03\/NPP-za-smjer-opci-na-bosanskom-719x1024.jpg\" alt=\"\" class=\"wp-image-1399\" srcset=\"https:\/\/gimnazija.skolabd.edu.ba\/wp-content\/uploads\/2023\/03\/NPP-za-smjer-opci-na-bosanskom-719x1024.jpg 719w, https:\/\/gimnazija.skolabd.edu.ba\/wp-content\/uploads\/2023\/03\/NPP-za-smjer-opci-na-bosanskom-scaled-600x855.jpg 600w, https:\/\/gimnazija.skolabd.edu.ba\/wp-content\/uploads\/2023\/03\/NPP-za-smjer-opci-na-bosanskom-211x300.jpg 211w, https:\/\/gimnazija.skolabd.edu.ba\/wp-content\/uploads\/2023\/03\/NPP-za-smjer-opci-na-bosanskom-768x1094.jpg 768w, https:\/\/gimnazija.skolabd.edu.ba\/wp-content\/uploads\/2023\/03\/NPP-za-smjer-opci-na-bosanskom-1078x1536.jpg 1078w, https:\/\/gimnazija.skolabd.edu.ba\/wp-content\/uploads\/2023\/03\/NPP-za-smjer-opci-na-bosanskom-1438x2048.jpg 1438w, https:\/\/gimnazija.skolabd.edu.ba\/wp-content\/uploads\/2023\/03\/NPP-za-smjer-opci-na-bosanskom-scaled.jpg 1797w\" sizes=\"auto, (max-width: 719px) 100vw, 719px\" \/><\/a><figcaption class=\"wp-element-caption\"><strong>Op\u0107i smjer &#8211; B<\/strong><\/figcaption><\/figure>\n\n\n\n<figure class=\"wp-block-image size-large\"><a href=\"https:\/\/gimnazija.skolabd.edu.ba\/wp-content\/uploads\/2023\/03\/NPP-za-smjer-opci-na-hrvatskom-scaled.jpg\"><img loading=\"lazy\" decoding=\"async\" width=\"719\" height=\"1024\" data-id=\"1398\" src=\"https:\/\/gimnazija.skolabd.edu.ba\/wp-content\/uploads\/2023\/03\/NPP-za-smjer-opci-na-hrvatskom-719x1024.jpg\" alt=\"\" class=\"wp-image-1398\" srcset=\"https:\/\/gimnazija.skolabd.edu.ba\/wp-content\/uploads\/2023\/03\/NPP-za-smjer-opci-na-hrvatskom-719x1024.jpg 719w, https:\/\/gimnazija.skolabd.edu.ba\/wp-content\/uploads\/2023\/03\/NPP-za-smjer-opci-na-hrvatskom-scaled-600x855.jpg 600w, https:\/\/gimnazija.skolabd.edu.ba\/wp-content\/uploads\/2023\/03\/NPP-za-smjer-opci-na-hrvatskom-211x300.jpg 211w, https:\/\/gimnazija.skolabd.edu.ba\/wp-content\/uploads\/2023\/03\/NPP-za-smjer-opci-na-hrvatskom-768x1094.jpg 768w, https:\/\/gimnazija.skolabd.edu.ba\/wp-content\/uploads\/2023\/03\/NPP-za-smjer-opci-na-hrvatskom-1078x1536.jpg 1078w, https:\/\/gimnazija.skolabd.edu.ba\/wp-content\/uploads\/2023\/03\/NPP-za-smjer-opci-na-hrvatskom-1438x2048.jpg 1438w, https:\/\/gimnazija.skolabd.edu.ba\/wp-content\/uploads\/2023\/03\/NPP-za-smjer-opci-na-hrvatskom-scaled.jpg 1797w\" sizes=\"auto, (max-width: 719px) 100vw, 719px\" \/><\/a><figcaption class=\"wp-element-caption\"><strong>Op\u0107i smjer &#8211; H<\/strong><\/figcaption><\/figure>\n\n\n\n<figure class=\"wp-block-image size-large\"><a href=\"https:\/\/gimnazija.skolabd.edu.ba\/wp-content\/uploads\/2023\/03\/NPP-za-smjer-opci-na-srpskom-scaled.jpg\"><img loading=\"lazy\" decoding=\"async\" width=\"719\" height=\"1024\" data-id=\"1397\" src=\"https:\/\/gimnazija.skolabd.edu.ba\/wp-content\/uploads\/2023\/03\/NPP-za-smjer-opci-na-srpskom-719x1024.jpg\" alt=\"\" class=\"wp-image-1397\" srcset=\"https:\/\/gimnazija.skolabd.edu.ba\/wp-content\/uploads\/2023\/03\/NPP-za-smjer-opci-na-srpskom-719x1024.jpg 719w, https:\/\/gimnazija.skolabd.edu.ba\/wp-content\/uploads\/2023\/03\/NPP-za-smjer-opci-na-srpskom-scaled-600x855.jpg 600w, https:\/\/gimnazija.skolabd.edu.ba\/wp-content\/uploads\/2023\/03\/NPP-za-smjer-opci-na-srpskom-211x300.jpg 211w, https:\/\/gimnazija.skolabd.edu.ba\/wp-content\/uploads\/2023\/03\/NPP-za-smjer-opci-na-srpskom-768x1094.jpg 768w, https:\/\/gimnazija.skolabd.edu.ba\/wp-content\/uploads\/2023\/03\/NPP-za-smjer-opci-na-srpskom-1078x1536.jpg 1078w, https:\/\/gimnazija.skolabd.edu.ba\/wp-content\/uploads\/2023\/03\/NPP-za-smjer-opci-na-srpskom-1438x2048.jpg 1438w, https:\/\/gimnazija.skolabd.edu.ba\/wp-content\/uploads\/2023\/03\/NPP-za-smjer-opci-na-srpskom-scaled.jpg 1797w\" sizes=\"auto, (max-width: 719px) 100vw, 719px\" \/><\/a><figcaption class=\"wp-element-caption\"><strong>Op\u0161ti smjer &#8211; S<\/strong><\/figcaption><\/figure>\n<\/figure>\n\n\n\n<figure class=\"wp-block-pullquote\"><blockquote><p><strong>NPP za ra\u010dunarsko\/ra\u010dunalno informati\u010dki smjer<\/strong><\/p><\/blockquote><\/figure>\n\n\n\n<figure class=\"wp-block-gallery has-nested-images columns-default is-cropped wp-block-gallery-3 is-layout-flex wp-block-gallery-is-layout-flex\">\n<figure class=\"wp-block-image size-large\"><a href=\"https:\/\/gimnazija.skolabd.edu.ba\/wp-content\/uploads\/2023\/03\/NPP-za-smjer-racunalno-informaticki-na-hrvatskom-scaled.jpg\"><img loading=\"lazy\" decoding=\"async\" width=\"719\" height=\"1024\" data-id=\"1392\" src=\"https:\/\/gimnazija.skolabd.edu.ba\/wp-content\/uploads\/2023\/03\/NPP-za-smjer-racunalno-informaticki-na-hrvatskom-719x1024.jpg\" alt=\"\" class=\"wp-image-1392\" srcset=\"https:\/\/gimnazija.skolabd.edu.ba\/wp-content\/uploads\/2023\/03\/NPP-za-smjer-racunalno-informaticki-na-hrvatskom-719x1024.jpg 719w, https:\/\/gimnazija.skolabd.edu.ba\/wp-content\/uploads\/2023\/03\/NPP-za-smjer-racunalno-informaticki-na-hrvatskom-scaled-600x855.jpg 600w, https:\/\/gimnazija.skolabd.edu.ba\/wp-content\/uploads\/2023\/03\/NPP-za-smjer-racunalno-informaticki-na-hrvatskom-211x300.jpg 211w, https:\/\/gimnazija.skolabd.edu.ba\/wp-content\/uploads\/2023\/03\/NPP-za-smjer-racunalno-informaticki-na-hrvatskom-768x1094.jpg 768w, https:\/\/gimnazija.skolabd.edu.ba\/wp-content\/uploads\/2023\/03\/NPP-za-smjer-racunalno-informaticki-na-hrvatskom-1078x1536.jpg 1078w, https:\/\/gimnazija.skolabd.edu.ba\/wp-content\/uploads\/2023\/03\/NPP-za-smjer-racunalno-informaticki-na-hrvatskom-1438x2048.jpg 1438w, https:\/\/gimnazija.skolabd.edu.ba\/wp-content\/uploads\/2023\/03\/NPP-za-smjer-racunalno-informaticki-na-hrvatskom-scaled.jpg 1797w\" sizes=\"auto, (max-width: 719px) 100vw, 719px\" \/><\/a><figcaption class=\"wp-element-caption\"><strong>Ra\u010dunalno\/informati\u010dki smjer &#8211; H<\/strong><\/figcaption><\/figure>\n\n\n\n<figure class=\"wp-block-image size-large\"><a href=\"https:\/\/gimnazija.skolabd.edu.ba\/wp-content\/uploads\/2023\/03\/NPP-za-smjer-racunarsko-informaticki-na-bosanskom-scaled.jpg\"><img loading=\"lazy\" decoding=\"async\" width=\"719\" height=\"1024\" data-id=\"1393\" src=\"https:\/\/gimnazija.skolabd.edu.ba\/wp-content\/uploads\/2023\/03\/NPP-za-smjer-racunarsko-informaticki-na-bosanskom-719x1024.jpg\" alt=\"\" class=\"wp-image-1393\" srcset=\"https:\/\/gimnazija.skolabd.edu.ba\/wp-content\/uploads\/2023\/03\/NPP-za-smjer-racunarsko-informaticki-na-bosanskom-719x1024.jpg 719w, https:\/\/gimnazija.skolabd.edu.ba\/wp-content\/uploads\/2023\/03\/NPP-za-smjer-racunarsko-informaticki-na-bosanskom-scaled-600x855.jpg 600w, https:\/\/gimnazija.skolabd.edu.ba\/wp-content\/uploads\/2023\/03\/NPP-za-smjer-racunarsko-informaticki-na-bosanskom-211x300.jpg 211w, https:\/\/gimnazija.skolabd.edu.ba\/wp-content\/uploads\/2023\/03\/NPP-za-smjer-racunarsko-informaticki-na-bosanskom-768x1094.jpg 768w, https:\/\/gimnazija.skolabd.edu.ba\/wp-content\/uploads\/2023\/03\/NPP-za-smjer-racunarsko-informaticki-na-bosanskom-1078x1536.jpg 1078w, https:\/\/gimnazija.skolabd.edu.ba\/wp-content\/uploads\/2023\/03\/NPP-za-smjer-racunarsko-informaticki-na-bosanskom-1438x2048.jpg 1438w, https:\/\/gimnazija.skolabd.edu.ba\/wp-content\/uploads\/2023\/03\/NPP-za-smjer-racunarsko-informaticki-na-bosanskom-scaled.jpg 1797w\" sizes=\"auto, (max-width: 719px) 100vw, 719px\" \/><\/a><figcaption class=\"wp-element-caption\"><strong>Ra\u010dunarsko\/informati\u010dki smjer &#8211; S<\/strong><\/figcaption><\/figure>\n\n\n\n<figure class=\"wp-block-image size-large\"><a href=\"https:\/\/gimnazija.skolabd.edu.ba\/wp-content\/uploads\/2023\/03\/NPP-za-smjer-racunarsko-informaticki-na-srpskom-scaled.jpg\"><img loading=\"lazy\" decoding=\"async\" width=\"719\" height=\"1024\" data-id=\"1394\" src=\"https:\/\/gimnazija.skolabd.edu.ba\/wp-content\/uploads\/2023\/03\/NPP-za-smjer-racunarsko-informaticki-na-srpskom-719x1024.jpg\" alt=\"\" class=\"wp-image-1394\" srcset=\"https:\/\/gimnazija.skolabd.edu.ba\/wp-content\/uploads\/2023\/03\/NPP-za-smjer-racunarsko-informaticki-na-srpskom-719x1024.jpg 719w, https:\/\/gimnazija.skolabd.edu.ba\/wp-content\/uploads\/2023\/03\/NPP-za-smjer-racunarsko-informaticki-na-srpskom-scaled-600x855.jpg 600w, https:\/\/gimnazija.skolabd.edu.ba\/wp-content\/uploads\/2023\/03\/NPP-za-smjer-racunarsko-informaticki-na-srpskom-211x300.jpg 211w, https:\/\/gimnazija.skolabd.edu.ba\/wp-content\/uploads\/2023\/03\/NPP-za-smjer-racunarsko-informaticki-na-srpskom-768x1094.jpg 768w, https:\/\/gimnazija.skolabd.edu.ba\/wp-content\/uploads\/2023\/03\/NPP-za-smjer-racunarsko-informaticki-na-srpskom-1078x1536.jpg 1078w, https:\/\/gimnazija.skolabd.edu.ba\/wp-content\/uploads\/2023\/03\/NPP-za-smjer-racunarsko-informaticki-na-srpskom-1438x2048.jpg 1438w, https:\/\/gimnazija.skolabd.edu.ba\/wp-content\/uploads\/2023\/03\/NPP-za-smjer-racunarsko-informaticki-na-srpskom-scaled.jpg 1797w\" sizes=\"auto, (max-width: 719px) 100vw, 719px\" \/><\/a><figcaption class=\"wp-element-caption\"><strong>Ra\u010dunarsko\/informati\u010dki smjer -B<\/strong><\/figcaption><\/figure>\n<\/figure>\n","protected":false},"excerpt":{"rendered":"<p>NPP za dru\u0161tveno jezi\u010dki\/jezi\u010dni smjer NPP za op\u0161ti\/op\u0107i smjer od 1.razreda \u0161kolske 2021-2022. godine NPP za op\u0161ti\/op\u0107i smjer od 2.razreda \u0161kolske 2021-2022. godine NPP za ra\u010dunarsko\/ra\u010dunalno informati\u010dki smjer<\/p>\n","protected":false},"author":1,"featured_media":0,"parent":34,"menu_order":0,"comment_status":"closed","ping_status":"closed","template":"","meta":{"_regular_price":[],"currency_symbol":[],"footnotes":""},"class_list":["post-1350","page","type-page","status-publish","hentry"],"post_slider_layout_featured_media_urls":{"thumbnail":"","post_slider_layout_landscape_large":"","post_slider_layout_portrait_large":"","post_slider_layout_square_large":"","post_slider_layout_landscape":"","post_slider_layout_portrait":"","post_slider_layout_square":"","full":""},"_links":{"self":[{"href":"https:\/\/gimnazija.skolabd.edu.ba\/index.php\/wp-json\/wp\/v2\/pages\/1350","targetHints":{"allow":["GET"]}}],"collection":[{"href":"https:\/\/gimnazija.skolabd.edu.ba\/index.php\/wp-json\/wp\/v2\/pages"}],"about":[{"href":"https:\/\/gimnazija.skolabd.edu.ba\/index.php\/wp-json\/wp\/v2\/types\/page"}],"author":[{"embeddable":true,"href":"https:\/\/gimnazija.skolabd.edu.ba\/index.php\/wp-json\/wp\/v2\/users\/1"}],"replies":[{"embeddable":true,"href":"https:\/\/gimnazija.skolabd.edu.ba\/index.php\/wp-json\/wp\/v2\/comments?post=1350"}],"version-history":[{"count":14,"href":"https:\/\/gimnazija.skolabd.edu.ba\/index.php\/wp-json\/wp\/v2\/pages\/1350\/revisions"}],"predecessor-version":[{"id":2622,"href":"https:\/\/gimnazija.skolabd.edu.ba\/index.php\/wp-json\/wp\/v2\/pages\/1350\/revisions\/2622"}],"up":[{"embeddable":true,"href":"https:\/\/gimnazija.skolabd.edu.ba\/index.php\/wp-json\/wp\/v2\/pages\/34"}],"wp:attachment":[{"href":"https:\/\/gimnazija.skolabd.edu.ba\/index.php\/wp-json\/wp\/v2\/media?parent=1350"}],"curies":[{"name":"wp","href":"https:\/\/api.w.org\/{rel}","templated":true}]}}